{"id":57,"date":"2021-11-19T13:52:17","date_gmt":"2021-11-19T13:52:17","guid":{"rendered":"https:\/\/www.fundacionsocialmundofeliz.org\/?page_id=57"},"modified":"2023-02-11T14:40:54","modified_gmt":"2023-02-11T14:40:54","slug":"emprendeya","status":"publish","type":"page","link":"https:\/\/www.fundacionsocialmundofeliz.org\/en\/emprendeya\/","title":{"rendered":"EmprendeY\u00c1"},"content":{"rendered":"<p>[et_pb_section fb_built=&#8221;1&#8243; admin_label=&#8221;Header&#8221; _builder_version=&#8221;4.16&#8243; _module_preset=&#8221;default&#8221; background_color=&#8221;#f7f7f7&#8243; background_color_gradient_start=&#8221;#000000&#8243; background_color_gradient_end=&#8221;rgba(0,0,0,0.17)&#8221; background_image=&#8221;https:\/\/www.fundacionsocialmundofeliz.org\/wp-content\/uploads\/2021\/11\/crowdfunding-030.png&#8221; custom_padding=&#8221;0px||0px||true|false&#8221; top_divider_color=&#8221;#3e4091&#8243; top_divider_flip=&#8221;vertical&#8221; top_divider_height_tablet=&#8221;&#8221; top_divider_height_phone=&#8221;50px&#8221; top_divider_height_last_edited=&#8221;on|phone&#8221; da_disable_devices=&#8221;off|off|off&#8221; global_colors_info=&#8221;{%22gcid-01d52b91-888a-4360-8bf2-df06995b266a%22:%91%93}&#8221; da_is_popup=&#8221;off&#8221; da_exit_intent=&#8221;off&#8221; da_has_close=&#8221;on&#8221; da_alt_close=&#8221;off&#8221; da_dark_close=&#8221;off&#8221; da_not_modal=&#8221;on&#8221; da_is_singular=&#8221;off&#8221; da_with_loader=&#8221;off&#8221; da_has_shadow=&#8221;on&#8221;][et_pb_row _builder_version=&#8221;4.16&#8243; _module_preset=&#8221;default&#8221; global_colors_info=&#8221;{}&#8221;][et_pb_column type=&#8221;4_4&#8243; _builder_version=&#8221;4.16&#8243; _module_preset=&#8221;default&#8221; global_colors_info=&#8221;{}&#8221;][et_pb_text _builder_version=&#8221;4.16&#8243; _module_preset=&#8221;f117a852-9ed3-4e7e-bbbb-0293ae077f1c&#8221; header_font=&#8221;Signika|700|||||||&#8221; header_text_color=&#8221;#de342b&#8221; header_font_size=&#8221;75px&#8221; header_line_height=&#8221;1.2em&#8221; header_2_font=&#8221;Signika|700|||||||&#8221; header_2_text_color=&#8221;#de342b&#8221; header_2_font_size=&#8221;75px&#8221; text_orientation=&#8221;center&#8221; header_font_size_tablet=&#8221;60px&#8221; header_font_size_phone=&#8221;45px&#8221; header_font_size_last_edited=&#8221;on|desktop&#8221; header_2_font_size_tablet=&#8221;75px&#8221; header_2_font_size_phone=&#8221;70px&#8221; header_2_font_size_last_edited=&#8221;on|phone&#8221; text_orientation_tablet=&#8221;center&#8221; text_orientation_phone=&#8221;center&#8221; text_orientation_last_edited=&#8221;on|desktop&#8221; locked=&#8221;off&#8221; global_colors_info=&#8221;{}&#8221;]<\/p>\n<h2>EmprendeY\u00c1<\/h2>\n<p>[\/et_pb_text][et_pb_text _builder_version=&#8221;4.16&#8243; _module_preset=&#8221;default&#8221; text_font=&#8221;Montserrat||||||||&#8221; text_font_size=&#8221;16px&#8221; text_orientation=&#8221;justified&#8221; global_colors_info=&#8221;{}&#8221;]<\/p>\n<p>Es un programa que busca fomentar en la juventud\u00a0 comportamientos de destreza y habilidades emprendedoras con el prop\u00f3sito de incentivar y promover un esp\u00edritu de emprendimiento donde exista inclusi\u00f3n y compromiso social, adem\u00e1s de innovaci\u00f3n y sostenibilidad.<\/p>\n<p>[\/et_pb_text][\/et_pb_column][\/et_pb_row][et_pb_row column_structure=&#8221;1_3,1_3,1_3&#8243; use_custom_gutter=&#8221;on&#8221; gutter_width=&#8221;2&#8243; _builder_version=&#8221;4.16&#8243; max_width=&#8221;none&#8221; custom_padding=&#8221;0px||0px|||&#8221; animation_style=&#8221;slide&#8221; locked=&#8221;off&#8221; global_colors_info=&#8221;{}&#8221;][et_pb_column type=&#8221;1_3&#8243; _builder_version=&#8221;4.16&#8243; global_colors_info=&#8221;{}&#8221;][et_pb_image src=&#8221;https:\/\/www.fundacionsocialmundofeliz.org\/wp-content\/uploads\/2021\/12\/plano-medio-mujer-negocios-usando-su-telefono-movil_23-2148463298.webp&#8221; title_text=&#8221;plano-medio-mujer-negocios-usando-su-telefono-movil_23-2148463298&#8243; show_in_lightbox=&#8221;on&#8221; use_overlay=&#8221;on&#8221; overlay_icon_color=&#8221;#3e4091&#8243; hover_icon=&#8221;&#xe054;||divi||400&#8243; force_fullwidth=&#8221;on&#8221; _builder_version=&#8221;4.16&#8243; custom_margin=&#8221;||10px||false|false&#8221; custom_margin_tablet=&#8221;||30px||false|false&#8221; custom_margin_phone=&#8221;&#8221; custom_margin_last_edited=&#8221;on|phone&#8221; hover_enabled=&#8221;0&#8243; locked=&#8221;off&#8221; global_colors_info=&#8221;{}&#8221; sticky_enabled=&#8221;0&#8243;][\/et_pb_image][et_pb_text _builder_version=&#8221;4.16&#8243; _module_preset=&#8221;default&#8221; text_font=&#8221;Montserrat||||||||&#8221; text_font_size=&#8221;16px&#8221; text_orientation=&#8221;justified&#8221; global_colors_info=&#8221;{}&#8221;]<\/p>\n<p>Texto.<\/p>\n<p>[\/et_pb_text][\/et_pb_column][et_pb_column type=&#8221;1_3&#8243; _builder_version=&#8221;4.16&#8243; global_colors_info=&#8221;{}&#8221;][et_pb_image src=&#8221;https:\/\/www.fundacionsocialmundofeliz.org\/wp-content\/uploads\/2021\/12\/cierrese-encima-retrato-muchacha-encantadora-joven-encantadora-estudiante-ingeniero-que-coloca-cerca-tabla-cogidos-mano-papeles-trabajo-expresion-feliz-satisfecha_176420-8513.webp&#8221; title_text=&#8221;cierrese-encima-retrato-muchacha-encantadora-joven-encantadora-estudiante-ingeniero-que-coloca-cerca-tabla-cogidos-mano-papeles-trabajo-expresion-feliz-satisfecha_176420-8513&#8243; show_in_lightbox=&#8221;on&#8221; use_overlay=&#8221;on&#8221; overlay_icon_color=&#8221;#3e4091&#8243; hover_icon=&#8221;&#xe054;||divi||400&#8243; force_fullwidth=&#8221;on&#8221; _builder_version=&#8221;4.16&#8243; custom_margin=&#8221;||10px||false|false&#8221; custom_margin_tablet=&#8221;||30px||false|false&#8221; custom_margin_phone=&#8221;&#8221; custom_margin_last_edited=&#8221;on|phone&#8221; locked=&#8221;off&#8221; global_colors_info=&#8221;{}&#8221;][\/et_pb_image][et_pb_text _builder_version=&#8221;4.16&#8243; _module_preset=&#8221;default&#8221; text_font=&#8221;Montserrat||||||||&#8221; text_font_size=&#8221;16px&#8221; text_orientation=&#8221;justified&#8221; global_colors_info=&#8221;{}&#8221;]<\/p>\n<p>Texto.<\/p>\n<p>[\/et_pb_text][\/et_pb_column][et_pb_column type=&#8221;1_3&#8243; _builder_version=&#8221;4.16&#8243; global_colors_info=&#8221;{}&#8221;][et_pb_image src=&#8221;https:\/\/www.fundacionsocialmundofeliz.org\/wp-content\/uploads\/2023\/02\/vendor-of-flowers-1-scaled-1.jpg&#8221; title_text=&#8221;vendor-of-flowers-1-scaled&#8221; show_in_lightbox=&#8221;on&#8221; use_overlay=&#8221;on&#8221; overlay_icon_color=&#8221;#3e4091&#8243; hover_icon=&#8221;&#xe054;||divi||400&#8243; force_fullwidth=&#8221;on&#8221; _builder_version=&#8221;4.19.5&#8243; custom_margin=&#8221;||10px||false|false&#8221; custom_margin_tablet=&#8221;||30px||false|false&#8221; custom_margin_phone=&#8221;&#8221; custom_margin_last_edited=&#8221;on|phone&#8221; hover_enabled=&#8221;0&#8243; locked=&#8221;off&#8221; global_colors_info=&#8221;{}&#8221; sticky_enabled=&#8221;0&#8243;][\/et_pb_image][et_pb_text _builder_version=&#8221;4.16&#8243; _module_preset=&#8221;default&#8221; text_font=&#8221;Montserrat||||||||&#8221; text_font_size=&#8221;16px&#8221; text_orientation=&#8221;justified&#8221; global_colors_info=&#8221;{}&#8221;]<\/p>\n<p>Texto.<\/p>\n<p>[\/et_pb_text][\/et_pb_column][\/et_pb_row][et_pb_row _builder_version=&#8221;4.16&#8243; _module_preset=&#8221;default&#8221; width=&#8221;70%&#8221; max_width=&#8221;70%&#8221; custom_margin=&#8221;|133px||auto||&#8221; global_colors_info=&#8221;{}&#8221;][et_pb_column type=&#8221;4_4&#8243; _builder_version=&#8221;4.16&#8243; _module_preset=&#8221;default&#8221; global_colors_info=&#8221;{}&#8221;][et_pb_button button_url=&#8221;@ET-DC@eyJkeW5hbWljIjp0cnVlLCJjb250ZW50IjoicG9zdF9saW5rX3VybF9wYWdlIiwic2V0dGluZ3MiOnsicG9zdF9pZCI6IjIwIn19@&#8221; button_text=&#8221;Quiero Colaborar&#8221; button_alignment=&#8221;right&#8221; _builder_version=&#8221;4.16&#8243; _dynamic_attributes=&#8221;button_url&#8221; _module_preset=&#8221;default&#8221; custom_button=&#8221;on&#8221; button_text_color=&#8221;#FFFFFF&#8221; button_bg_color=&#8221;#de342b&#8221; button_border_width=&#8221;0px&#8221; button_font=&#8221;Signika||||||||&#8221; button_icon=&#8221;&#x39;||divi||400&#8243; global_colors_info=&#8221;{}&#8221; button_bg_color__hover_enabled=&#8221;on|hover&#8221; button_bg_color__hover=&#8221;rgba(222,52,43,0.85)&#8221; button_bg_enable_color__hover=&#8221;on&#8221;][\/et_pb_button][et_pb_code _builder_version=&#8221;4.16&#8243; _module_preset=&#8221;default&#8221; global_colors_info=&#8221;{}&#8221;]<!DOCTYPE html><!-- [et_pb_line_break_holder] --><html lang=\"en\" ><!-- [et_pb_line_break_holder] --><!-- [et_pb_line_break_holder] --><head><!-- [et_pb_line_break_holder] -->  <meta charset=\"UTF-8\"><!-- [et_pb_line_break_holder] -->  <title>Whatsapp-floating-button<\/title><!-- [et_pb_line_break_holder] -->  <!-- [et_pb_line_break_holder] -->  <!-- [et_pb_line_break_holder] -->  <!-- [et_pb_line_break_holder] -->      <link rel=\"stylesheet\" href=\"style.css\"><!-- [et_pb_line_break_holder] --><!-- [et_pb_line_break_holder] -->  <!-- [et_pb_line_break_holder] --><\/head><!-- [et_pb_line_break_holder] --><!-- [et_pb_line_break_holder] --><body><!-- [et_pb_line_break_holder] --><!-- [et_pb_line_break_holder] -->  <link rel=\"stylesheet\" href=\"https:\/\/maxcdn.bootstrapcdn.com\/font-awesome\/4.5.0\/css\/font-awesome.min.css\"><!-- [et_pb_line_break_holder] --><a href=\"https:\/\/www.fundacionsocialmundofeliz.org\/chat-fundacion-social-mundo-feliz\/\" class=\"float\" target=\"_blank\" rel=\"noopener\"><!-- [et_pb_line_break_holder] --><i class=\"fa fa-whatsapp my-float\"><\/i><!-- [et_pb_line_break_holder] --><\/a><!-- [et_pb_line_break_holder] -->  <!-- [et_pb_line_break_holder] -->  <!-- [et_pb_line_break_holder] --><!-- [et_pb_line_break_holder] --><\/body><!-- [et_pb_line_break_holder] --><!-- [et_pb_line_break_holder] --><\/html><!-- [et_pb_line_break_holder] --><\/p>\n<style><!-- [et_pb_line_break_holder] -->  .float{<!-- [et_pb_line_break_holder] -->\tposition:fixed;<!-- [et_pb_line_break_holder] -->\twidth:60px;<!-- [et_pb_line_break_holder] -->\theight:60px;<!-- [et_pb_line_break_holder] -->\tbottom:10px;<!-- [et_pb_line_break_holder] -->\tright:4px;<!-- [et_pb_line_break_holder] -->\tbackground-color:#25d366;<!-- [et_pb_line_break_holder] -->\tcolor:#FFF;<!-- [et_pb_line_break_holder] -->\tborder-radius:50px;<!-- [et_pb_line_break_holder] -->\ttext-align:center;<!-- [et_pb_line_break_holder] -->  font-size:30px;<!-- [et_pb_line_break_holder] -->\tbox-shadow: 2px 2px 3px #999;<!-- [et_pb_line_break_holder] -->  z-index:100!important;<!-- [et_pb_line_break_holder] -->}<!-- [et_pb_line_break_holder] -->.float:hover {<!-- [et_pb_line_break_holder] -->\ttext-decoration: none;<!-- [et_pb_line_break_holder] -->\tcolor: #25d366;<!-- [et_pb_line_break_holder] -->  background-color:#fff;<!-- [et_pb_line_break_holder] -->}<!-- [et_pb_line_break_holder] --><!-- [et_pb_line_break_holder] -->.my-float{<!-- [et_pb_line_break_holder] -->\tmargin-top:16px;<!-- [et_pb_line_break_holder] -->}<!-- [et_pb_line_break_holder] --><\/style>\n<p>[\/et_pb_code][et_pb_code disabled_on=&#8221;on|on|off&#8221; _builder_version=&#8221;4.16&#8243; _module_preset=&#8221;default&#8221; global_colors_info=&#8221;{}&#8221;]<!DOCTYPE html><!-- [et_pb_line_break_holder] --><html lang=\"en\"><!-- [et_pb_line_break_holder] --><head><!-- [et_pb_line_break_holder] -->\t<meta charset=\"UTF-8\"><!-- [et_pb_line_break_holder] -->\t<meta name=\"viewport\" content=\"width=device-width, user-scalable=no, initial-scale=1.0, maximum-scale=1.0, minimum-scale=1.0\"><!-- [et_pb_line_break_holder] -->\t<title>Barra de Redes Sociales<\/title><!-- [et_pb_line_break_holder] -->\t <!--Icon-Font--><!-- [et_pb_line_break_holder] -->    <script src=\"https:\/\/kit.fontawesome.com\/eb496ab1a0.js\" crossorigin=\"anonymous\"><\/script><!-- [et_pb_line_break_holder] --><\/head><!-- [et_pb_line_break_holder] --><body><!-- [et_pb_line_break_holder] -->\t<\/p>\n<div class=\"container-bar\"><!-- [et_pb_line_break_holder] -->\t<input type=\"checkbox\" id=\"btn-social\"><!-- [et_pb_line_break_holder] -->\t<label for=\"btn-social\" class=\"fa fa-play\"><\/label><!-- [et_pb_line_break_holder] -->\t\t<\/p>\n<div class=\"icon-social\"><!-- [et_pb_line_break_holder] -->\t\t\t<a href=\"https:\/\/www.facebook.com\/fundacionsocialmundofeliz\" class=\"fa fa-facebook\" target=\"_blank\" rel=\"noopener\"><!-- [et_pb_line_break_holder] -->\t\t\t\t<span id=\"title\">Facebook<\/span><!-- [et_pb_line_break_holder] -->\t\t\t<\/a><!-- [et_pb_line_break_holder] -->\t\t\t<a href=\"https:\/\/www.instagram.com\/fundacionsocialmundofeliz\/\" class=\"fa fa-instagram\" target=\"_blank\" rel=\"noopener\"><!-- [et_pb_line_break_holder] -->\t\t\t\t<span id=\"title\">Instagram<\/span><!-- [et_pb_line_break_holder] -->\t\t\t<\/a><!-- [et_pb_line_break_holder] -->      <!--<a href=\"\" class=\"fa fa-twitter\"><!-- [et_pb_line_break_holder] -->\t\t\t\t<span id=\"title\">Twitter<\/span><!-- [et_pb_line_break_holder] -->\t\t\t<\/a><!-- [et_pb_line_break_holder] -->      <a href=\"\" class=\"fa fa-youtube\"><!-- [et_pb_line_break_holder] -->\t\t\t\t<span id=\"title\">Youtube<\/span><!-- [et_pb_line_break_holder] -->\t\t\t<\/a>&#8211;><!-- [et_pb_line_break_holder] -->\t\t\t<a href=\"\" class=\"fa fa-linkedin\"><!-- [et_pb_line_break_holder] -->        <img decoding=\"async\" src=\"\" alt=\"\"><!-- [et_pb_line_break_holder] -->\t\t\t\t<span id=\"title\">LinkedIn<\/span><!-- [et_pb_line_break_holder] -->\t\t\t<\/a> <!-- [et_pb_line_break_holder] -->      <!-- [et_pb_line_break_holder] -->\t\t<\/div>\n<p><!-- [et_pb_line_break_holder] -->\t<\/div>\n<p><!-- [et_pb_line_break_holder] --><\/body><!-- [et_pb_line_break_holder] --><\/html><!-- [et_pb_line_break_holder] --><\/p>\n<style><!-- [et_pb_line_break_holder] -->    *{<!-- [et_pb_line_break_holder] -->\tmargin: 0;<!-- [et_pb_line_break_holder] -->\tpadding: 0;<!-- [et_pb_line_break_holder] -->\tbox-sizing: border-box;<!-- [et_pb_line_break_holder] -->}<!-- [et_pb_line_break_holder] -->.container-bar{<!-- [et_pb_line_break_holder] -->\twidth: 100%;<!-- [et_pb_line_break_holder] -->\tmax-width: 50px;<!-- [et_pb_line_break_holder] -->\tposition: fixed;<!-- [et_pb_line_break_holder] -->    float: right;<!-- [et_pb_line_break_holder] -->\tright: 0;<!-- [et_pb_line_break_holder] -->\ttop: 85px;<!-- [et_pb_line_break_holder] -->}<!-- [et_pb_line_break_holder] -->.container-bar a{<!-- [et_pb_line_break_holder] -->\tdisplay: block;<!-- [et_pb_line_break_holder] -->\twidth: 50px;<!-- [et_pb_line_break_holder] -->\theight: 50px;<!-- [et_pb_line_break_holder] -->\tline-height: 50px;<!-- [et_pb_line_break_holder] -->\ttext-align: center;<!-- [et_pb_line_break_holder] -->\ttext-decoration: none;<!-- [et_pb_line_break_holder] -->\tfont-size: 18px;<!-- [et_pb_line_break_holder] -->\tposition: relative;<!-- [et_pb_line_break_holder] -->\ttransition: all 500ms ease;<!-- [et_pb_line_break_holder] -->\tcolor: #fff;<!-- [et_pb_line_break_holder] -->}<!-- [et_pb_line_break_holder] -->.container-bar a:hover{<!-- [et_pb_line_break_holder] -->\tbackground: #3E4091;<!-- [et_pb_line_break_holder] -->}<!-- [et_pb_line_break_holder] -->.container-bar .fa-facebook{<!-- [et_pb_line_break_holder] -->\tbackground: #DE342B;<!-- [et_pb_line_break_holder] -->\tborder-radius: 5px 0px 0px 0px;<!-- [et_pb_line_break_holder] -->}<!-- [et_pb_line_break_holder] -->.container-bar .fa-instagram{<!-- [et_pb_line_break_holder] -->\tbackground: #DE342B;<!-- [et_pb_line_break_holder] -->}<!-- [et_pb_line_break_holder] -->.container-bar .fa-twitter{<!-- [et_pb_line_break_holder] -->\tbackground: #DE342B;<!-- [et_pb_line_break_holder] -->}<!-- [et_pb_line_break_holder] -->.container-bar .fa-youtube{<!-- [et_pb_line_break_holder] -->\tbackground: #DE342B;<!-- [et_pb_line_break_holder] -->}<!-- [et_pb_line_break_holder] -->.container-bar .fa-linkedin{<!-- [et_pb_line_break_holder] -->\tbackground: #DE342B;<!-- [et_pb_line_break_holder] -->\tborder-radius: 0px 0px 0px 5px;<!-- [et_pb_line_break_holder] -->}<!-- [et_pb_line_break_holder] -->.container-bar #title{<!-- [et_pb_line_break_holder] -->\tposition: absolute;<!-- [et_pb_line_break_holder] -->\tbackground: #3E4091;<!-- [et_pb_line_break_holder] -->\tpadding: 0px 8px;<!-- [et_pb_line_break_holder] -->\theight: 30px;<!-- [et_pb_line_break_holder] -->\tline-height: 30px;<!-- [et_pb_line_break_holder] -->\ttext-align: center;<!-- [et_pb_line_break_holder] -->\tborder-radius: 3px;<!-- [et_pb_line_break_holder] -->\tfont-size: 15px;<!-- [et_pb_line_break_holder] -->\ttop:12px; right: 0px;<!-- [et_pb_line_break_holder] -->\ttransition: all 500ms ease;<!-- [et_pb_line_break_holder] -->\topacity: 0;<!-- [et_pb_line_break_holder] -->\tvisibility: hidden;<!-- [et_pb_line_break_holder] -->\tz-index: -1;<!-- [et_pb_line_break_holder] -->}<!-- [et_pb_line_break_holder] -->.container-bar a:hover #title{<!-- [et_pb_line_break_holder] -->\topacity: 1;<!-- [et_pb_line_break_holder] -->\tvisibility: visible;<!-- [et_pb_line_break_holder] -->\tright: 64px;<!-- [et_pb_line_break_holder] -->}<!-- [et_pb_line_break_holder] -->.container-bar #title:after{<!-- [et_pb_line_break_holder] -->\tposition: absolute;<!-- [et_pb_line_break_holder] -->\tcontent: '';<!-- [et_pb_line_break_holder] -->\tborder-left: 7px solid transparent;<!-- [et_pb_line_break_holder] -->\tborder-right: 6px solid #3E4091;<!-- [et_pb_line_break_holder] -->\tborder-top: 7px solid transparent;<!-- [et_pb_line_break_holder] -->\tborder-bottom: 7px solid transparent;<!-- [et_pb_line_break_holder] -->\tleft: 100%;<!-- [et_pb_line_break_holder] -->\ttop: 8px;<!-- [et_pb_line_break_holder] -->}<!-- [et_pb_line_break_holder] -->#btn-social{<!-- [et_pb_line_break_holder] -->\tdisplay: none;<!-- [et_pb_line_break_holder] -->}<!-- [et_pb_line_break_holder] -->.fa-play{<!-- [et_pb_line_break_holder] -->\tcursor: pointer;<!-- [et_pb_line_break_holder] -->\ttransition: all 0.4s;<!-- [et_pb_line_break_holder] -->\tfont-size: 12px;<!-- [et_pb_line_break_holder] -->    margin-left: 33px;<!-- [et_pb_line_break_holder] -->\tmargin-bottom: 5px;<!-- [et_pb_line_break_holder] -->\tdisplay: inline-block;<!-- [et_pb_line_break_holder] -->\ttransform: rotate(-180deg);<!-- [et_pb_line_break_holder] -->\tcolor: #DE342B;<!-- [et_pb_line_break_holder] -->}<!-- [et_pb_line_break_holder] -->#btn-social:checked ~ .fa-play{<!-- [et_pb_line_break_holder] -->\ttransform: rotate(0deg);<!-- [et_pb_line_break_holder] -->}<!-- [et_pb_line_break_holder] -->.icon-social{<!-- [et_pb_line_break_holder] -->\ttransition: all 0.4s;<!-- [et_pb_line_break_holder] -->\ttransform: translateX(0%);<!-- [et_pb_line_break_holder] -->\tbox-shadow: 0px 1px 10px rgba(0,0,0,0.3);<!-- [et_pb_line_break_holder] -->}<!-- [et_pb_line_break_holder] -->#btn-social:checked ~ .icon-social{<!-- [et_pb_line_break_holder] -->\ttransform: translateX(100%);<!-- [et_pb_line_break_holder] -->\tbox-shadow: 0px 1px 10px rgba(0,0,0,0.0);<!-- [et_pb_line_break_holder] --><!-- [et_pb_line_break_holder] -->}<!-- [et_pb_line_break_holder] --><\/style>\n<p>[\/et_pb_code][\/et_pb_column][\/et_pb_row][\/et_pb_section]<\/p>\n","protected":false},"excerpt":{"rendered":"<p>[et_pb_section fb_built=&#8221;1&#8243; admin_label=&#8221;Header&#8221; _builder_version=&#8221;4.16&#8243; _module_preset=&#8221;default&#8221; background_color=&#8221;#f7f7f7&#8243; background_color_gradient_start=&#8221;#000000&#8243; background_color_gradient_end=&#8221;rgba(0,0,0,0.17)&#8221; background_image=&#8221;https:\/\/www.fundacionsocialmundofeliz.org\/wp-content\/uploads\/2021\/11\/crowdfunding-030.png&#8221; custom_padding=&#8221;0px||0px||true|false&#8221; top_divider_color=&#8221;#3e4091&#8243; top_divider_flip=&#8221;vertical&#8221; top_divider_height_tablet=&#8221;&#8221; top_divider_height_phone=&#8221;50px&#8221; top_divider_height_last_edited=&#8221;on|phone&#8221; da_disable_devices=&#8221;off|off|off&#8221; global_colors_info=&#8221;{%22gcid-01d52b91-888a-4360-8bf2-df06995b266a%22:%91%93}&#8221; da_is_popup=&#8221;off&#8221; da_exit_intent=&#8221;off&#8221; da_has_close=&#8221;on&#8221; da_alt_close=&#8221;off&#8221; da_dark_close=&#8221;off&#8221; da_not_modal=&#8221;on&#8221; da_is_singular=&#8221;off&#8221; da_with_loader=&#8221;off&#8221; da_has_shadow=&#8221;on&#8221;][et_pb_row _builder_version=&#8221;4.16&#8243; _module_preset=&#8221;default&#8221; global_colors_info=&#8221;{}&#8221;][et_pb_column type=&#8221;4_4&#8243; _builder_version=&#8221;4.16&#8243; _module_preset=&#8221;default&#8221; global_colors_info=&#8221;{}&#8221;][et_pb_text _builder_version=&#8221;4.16&#8243; _module_preset=&#8221;f117a852-9ed3-4e7e-bbbb-0293ae077f1c&#8221; header_font=&#8221;Signika|700|||||||&#8221; header_text_color=&#8221;#de342b&#8221; header_font_size=&#8221;75px&#8221; header_line_height=&#8221;1.2em&#8221; header_2_font=&#8221;Signika|700|||||||&#8221; header_2_text_color=&#8221;#de342b&#8221; header_2_font_size=&#8221;75px&#8221; text_orientation=&#8221;center&#8221; header_font_size_tablet=&#8221;60px&#8221; header_font_size_phone=&#8221;45px&#8221; header_font_size_last_edited=&#8221;on|desktop&#8221; header_2_font_size_tablet=&#8221;75px&#8221; header_2_font_size_phone=&#8221;70px&#8221; header_2_font_size_last_edited=&#8221;on|phone&#8221; text_orientation_tablet=&#8221;center&#8221; text_orientation_phone=&#8221;center&#8221; text_orientation_last_edited=&#8221;on|desktop&#8221; locked=&#8221;off&#8221; global_colors_info=&#8221;{}&#8221;] EmprendeY\u00c1 [&hellip;]<\/p>\n","protected":false},"author":1,"featured_media":0,"parent":0,"menu_order":0,"comment_status":"closed","ping_status":"closed","template":"","meta":{"_gspb_post_css":"","footnotes":""},"class_list":["post-57","page","type-page","status-publish","hentry"],"blocksy_meta":[],"_links":{"self":[{"href":"https:\/\/www.fundacionsocialmundofeliz.org\/en\/wp-json\/wp\/v2\/pages\/57","targetHints":{"allow":["GET"]}}],"collection":[{"href":"https:\/\/www.fundacionsocialmundofeliz.org\/en\/wp-json\/wp\/v2\/pages"}],"about":[{"href":"https:\/\/www.fundacionsocialmundofeliz.org\/en\/wp-json\/wp\/v2\/types\/page"}],"author":[{"embeddable":true,"href":"https:\/\/www.fundacionsocialmundofeliz.org\/en\/wp-json\/wp\/v2\/users\/1"}],"replies":[{"embeddable":true,"href":"https:\/\/www.fundacionsocialmundofeliz.org\/en\/wp-json\/wp\/v2\/comments?post=57"}],"version-history":[{"count":21,"href":"https:\/\/www.fundacionsocialmundofeliz.org\/en\/wp-json\/wp\/v2\/pages\/57\/revisions"}],"predecessor-version":[{"id":2289,"href":"https:\/\/www.fundacionsocialmundofeliz.org\/en\/wp-json\/wp\/v2\/pages\/57\/revisions\/2289"}],"wp:attachment":[{"href":"https:\/\/www.fundacionsocialmundofeliz.org\/en\/wp-json\/wp\/v2\/media?parent=57"}],"curies":[{"name":"wp","href":"https:\/\/api.w.org\/{rel}","templated":true}]}}