{"id":69,"date":"2021-11-19T13:54:59","date_gmt":"2021-11-19T13:54:59","guid":{"rendered":"https:\/\/www.fundacionsocialmundofeliz.org\/?page_id=69"},"modified":"2026-04-17T13:52:06","modified_gmt":"2026-04-17T18:52:06","slug":"emprendimiento","status":"publish","type":"page","link":"https:\/\/www.fundacionsocialmundofeliz.org\/en\/emprendimiento\/","title":{"rendered":"Entrepreneurship"},"content":{"rendered":"<div class=\"wp-block-greenshift-blocks-row gspb_row gspb_row-id-gsbp-90dd5fd gspb_row--gutter-custom-0\" id=\"gspb_row-id-gsbp-90dd5fd\"><div class=\"gspb_row__content\"> \n<div class=\"wp-block-greenshift-blocks-row-column gspb_row__col--4 gspb_row__col--md-12 gspb_col-id-gsbp-d560c25\" id=\"gspb_col-id-gsbp-d560c25\">\n\n\n<h2 id=\"gspb_heading-id-gsbp-2ffee04\" class=\"gspb_heading gspb_heading-id-gsbp-2ffee04\">Emprendimiento con prop\u00f3sito<\/h2>\n\n\n\n<div id=\"gspb_text-id-gsbp-e310166\" class=\"gspb_text gspb_text-id-gsbp-e310166\">In the <strong>Happy World Social Foundation<\/strong> promovemos el emprendimiento como una oportunidad para transformar vidas, fortalecer capacidades y construir un futuro con mayor autonom\u00eda. A trav\u00e9s de esta l\u00ednea impulsamos espacios de orientaci\u00f3n, formaci\u00f3n y motivaci\u00f3n para personas que desean convertir sus ideas, talentos y habilidades en iniciativas productivas con impacto positivo.<\/div>\n<\/div>\n\n\n\n<div class=\"wp-block-greenshift-blocks-row-column gspb_row__col--8 gspb_row__col--md-12 gspb_col-id-gsbp-2affbd5\" id=\"gspb_col-id-gsbp-2affbd5\">\n<div class=\"wp-block-greenshift-blocks-image gspb_image gspb_image-id-gsbp-960d7e1\" id=\"gspb_image-id-gsbp-960d7e1\"><img decoding=\"async\" src=\"https:\/\/www.fundacionsocialmundofeliz.org\/wp-content\/uploads\/2026\/04\/Emprendimiento-con-proposito-scaled.png\" data-src=\"\" alt=\"\" loading=\"lazy\" width=\"2560\" height=\"1620\"><\/div>\n<\/div>\n <\/div><\/div>\n\n\n\n<div class=\"wp-block-greenshift-blocks-container gspb_container gspb_container-gsbp-b565ac4\" id=\"gspb_container-id-gsbp-b565ac4\">\n<div id=\"gspb_text-id-gsbp-2c13756\" class=\"gspb_text gspb_text-id-gsbp-2c13756\">Creemos que emprender no solo significa crear una fuente de ingreso, sino tambi\u00e9n desarrollar confianza, visi\u00f3n y prop\u00f3sito. Por eso acompa\u00f1amos a quienes buscan dar sus primeros pasos o fortalecer sus proyectos, brind\u00e1ndoles herramientas que les permitan avanzar con mayor seguridad y proyecci\u00f3n.<br><\/div>\n<\/div>\n\n\n\n<div class=\"wp-block-greenshift-blocks-row gspb_row gspb_row-id-gsbp-44398d9 gspb_row--gutter-custom-0\" id=\"gspb_row-id-gsbp-44398d9\"><div class=\"gspb_row__content\"> \n<div class=\"wp-block-greenshift-blocks-row-column gspb_row__col--8 gspb_row__col--md-12 gspb_col-id-gsbp-6f07b8a\" id=\"gspb_col-id-gsbp-6f07b8a\">\n<div class=\"wp-block-greenshift-blocks-container gspb_container gspb_container-gsbp-e202958\" id=\"gspb_container-id-gsbp-e202958\"><\/div>\n\n\n\n<div class=\"wp-block-greenshift-blocks-image gspb_image gspb_image-id-gsbp-2120874\" id=\"gspb_image-id-gsbp-2120874\"><img decoding=\"async\" src=\"https:\/\/www.fundacionsocialmundofeliz.org\/wp-content\/uploads\/2026\/04\/acompanamiento-y-oportunidades.png\" data-src=\"\" alt=\"\" loading=\"lazy\" width=\"1536\" height=\"1024\"><\/div>\n<\/div>\n\n\n\n<div class=\"wp-block-greenshift-blocks-row-column gspb_row__col--4 gspb_row__col--md-12 gspb_col-id-gsbp-bff518b\" id=\"gspb_col-id-gsbp-bff518b\">\n<div id=\"gspb_text-id-gsbp-b675ab3\" class=\"gspb_text gspb_text-id-gsbp-b675ab3\">Priority<\/div>\n\n\n\n<h2 id=\"gspb_heading-id-gsbp-4cdc2ea\" class=\"gspb_heading gspb_heading-id-gsbp-4cdc2ea\">Formaci\u00f3n, acompa\u00f1amiento y oportunidades<\/h2>\n\n\n\n<div id=\"gspb_text-id-gsbp-fb31242\" class=\"gspb_text gspb_text-id-gsbp-fb31242\">Nuestra apuesta por el emprendimiento est\u00e1 orientada a generar oportunidades reales para j\u00f3venes, madres cabeza de familia y personas en condici\u00f3n de vulnerabilidad que desean salir adelante mediante actividades sostenibles. A trav\u00e9s de procesos de capacitaci\u00f3n, acompa\u00f1amiento y apoyo base, buscamos fortalecer sus competencias, mejorar su toma de decisiones e impulsar iniciativas que aporten al bienestar familiar y comunitario.<br><\/div>\n<\/div>\n <\/div><\/div>\n\n\n\n<div class=\"wp-block-greenshift-blocks-container gspb_container gspb_container-gsbp-08edf4d\" id=\"gspb_container-id-gsbp-08edf4d\">\n<h4 id=\"gspb_heading-id-gsbp-0f939b1\" class=\"gspb_heading gspb_heading-id-gsbp-0f939b1\">M\u00e1s que incentivar un negocio, queremos aportar a la creaci\u00f3n de caminos reales de superaci\u00f3n, donde cada emprendimiento represente una oportunidad para crecer, generar ingresos y construir un futuro con mayor estabilidad y esperanza.<\/h4>\n<\/div>\n\n\n\n<div class=\"wp-block-greenshift-blocks-container alignfull gspb_container gspb_container-gsbp-318027b\" id=\"gspb_container-id-gsbp-318027b\"><\/div>","protected":false},"excerpt":{"rendered":"","protected":false},"author":1,"featured_media":0,"parent":0,"menu_order":0,"comment_status":"closed","ping_status":"closed","template":"","meta":{"_gspb_post_css":".gspb_container-id-gsbp-08edf4d,.gspb_container-id-gsbp-318027b{flex-direction:column;box-sizing:border-box}#gspb_container-id-gsbp-08edf4d.gspb_container>p:last-of-type,#gspb_container-id-gsbp-318027b.gspb_container>p:last-of-type,#gspb_container-id-gsbp-b565ac4.gspb_container>p:last-of-type,#gspb_container-id-gsbp-e202958.gspb_container>p:last-of-type{margin-bottom:0}#gspb_container-id-gsbp-08edf4d.gspb_container{position:relative;margin-bottom:-100px;padding:60px}body.gspb-bodyfront #gspb_container-id-gsbp-08edf4d.gspb_container{z-index:3}@media (max-width:991.98px){#gspb_container-id-gsbp-08edf4d.gspb_container{padding:50px}}@media (max-width:575.98px){#gspb_container-id-gsbp-08edf4d.gspb_container{padding:35px}}#gspb_container-id-gsbp-08edf4d.gspb_container,#gspb_container-id-gsbp-08edf4d.gspb_container>.gspb_backgroundOverlay{border-top-left-radius:40px;border-top-right-radius:40px;border-bottom-right-radius:40px;border-bottom-left-radius:40px}#gspb_container-id-gsbp-08edf4d.gspb_container{background-color:var(--wp--preset--color--palette-color-2, var(--theme-palette-color-2, #24417C))}@media (max-width:991.98px){#gspb_container-id-gsbp-08edf4d.gspb_container{background-color:var(--wp--preset--color--palette-color-2, var(--theme-palette-color-2, #24417C))}}@media (max-width:767.98px){#gspb_container-id-gsbp-08edf4d.gspb_container{background-color:var(--wp--preset--color--palette-color-2, var(--theme-palette-color-2, #24417C))}}@media (max-width:575.98px){#gspb_container-id-gsbp-08edf4d.gspb_container{background-color:var(--wp--preset--color--palette-color-2, var(--theme-palette-color-2, #24417C))}}#gspb_container-id-gsbp-08edf4d.gspb_container,div[id^=gspb_col-id]{box-sizing:border-box}#gspb_heading-id-gsbp-0f939b1{font-size:23px}@media (max-width:991.98px){#gspb_heading-id-gsbp-0f939b1{font-size:20px}}#gspb_heading-id-gsbp-0f939b1,#gspb_heading-id-gsbp-0f939b1 .gsap-g-line{text-align:center!important}#gspb_heading-id-gsbp-0f939b1{color:var(--wp--preset--color--palette-color-8, var(--theme-palette-color-8, #ffffff));margin-top:0;margin-bottom:0}#gspb_container-id-gsbp-318027b.gspb_container{position:relative;background-color:var(--wp--preset--color--palette-color-7, var(--theme-palette-color-7, #F7FAFD))}@media (max-width:991.98px){#gspb_container-id-gsbp-318027b.gspb_container{background-color:var(--wp--preset--color--palette-color-7, var(--theme-palette-color-7, #F7FAFD))}}@media (max-width:767.98px){#gspb_container-id-gsbp-318027b.gspb_container{background-color:var(--wp--preset--color--palette-color-7, var(--theme-palette-color-7, #F7FAFD))}}@media (max-width:575.98px){#gspb_container-id-gsbp-318027b.gspb_container{background-color:var(--wp--preset--color--palette-color-7, var(--theme-palette-color-7, #F7FAFD))}}#gspb_container-id-gsbp-318027b.gspb_container{box-sizing:border-box;height:100px}#gspb_row-id-gsbp-90dd5fd{justify-content:space-between;margin-top:0;display:flex;flex-wrap:wrap;margin-bottom:40px;padding:0 80px}#gspb_row-id-gsbp-90dd5fd>.gspb_row__content{display:flex;justify-content:space-between;margin:0 auto;width:100%;flex-wrap:wrap}div[id^=gspb_col-id]{position:relative;padding:var(--gs-row-column-padding, 15px min(3vw, 20px))}@media (max-width:991.98px){#gspb_row-id-gsbp-90dd5fd>.gspb_row__content{row-gap:30px}}body.gspb-bodyfront #gspb_row-id-gsbp-90dd5fd>.gspb_row__content{width:var(--theme-container-width, 1200px);max-width:var(--theme-normal-container-max-width, 1200px)}@media (max-width:991.98px){#gspb_row-id-gsbp-90dd5fd{margin-bottom:80px;padding-right:50px;padding-left:50px}}@media (max-width:575.98px){#gspb_row-id-gsbp-90dd5fd{margin-bottom:60px;padding-right:35px;padding-left:35px}}#gspb_row-id-gsbp-90dd5fd{background-color:var(--wp--preset--color--palette-color-7, var(--theme-palette-color-7, #F7FAFD))}@media (max-width:991.98px){#gspb_row-id-gsbp-90dd5fd{background-color:var(--wp--preset--color--palette-color-7, var(--theme-palette-color-7, #F7FAFD))}}@media (max-width:767.98px){#gspb_row-id-gsbp-90dd5fd{background-color:var(--wp--preset--color--palette-color-7, var(--theme-palette-color-7, #F7FAFD))}}@media (max-width:575.98px){#gspb_row-id-gsbp-90dd5fd{background-color:var(--wp--preset--color--palette-color-7, var(--theme-palette-color-7, #F7FAFD))}}#gspb_row-id-gsbp-90dd5fd,#gspb_row-id-gsbp-90dd5fd>.gspb_backgroundOverlay{border-top-left-radius:40px;border-top-right-radius:40px;border-bottom-right-radius:40px;border-bottom-left-radius:40px}#gspb_col-id-gsbp-d560c25.gspb_row__col--4{width:calc(33.333333333333336% - 5px)}@media (max-width:991.98px){#gspb_col-id-gsbp-d560c25.gspb_row__col--4{width:100%}}@media (max-width:767.98px){#gspb_col-id-gsbp-d560c25.gspb_row__col--4{width:calc(100% - 5px)}}@media (max-width:575.98px){#gspb_col-id-gsbp-d560c25.gspb_row__col--4{width:100%}}@media (min-width:992px){body.gspb-bodyfront #gspb_col-id-gsbp-d560c25.gspb_row__col--4{width:calc(40% - 0px - 5px)}}.gspb_row #gspb_col-id-gsbp-d560c25.gspb_row__col--4{padding:70px 0}@media (max-width:991.98px){.gspb_row #gspb_col-id-gsbp-d560c25.gspb_row__col--4{padding-top:50px;padding-bottom:0}}@media (max-width:575.98px){.gspb_row #gspb_col-id-gsbp-d560c25.gspb_row__col--4{padding-bottom:0}}body #gspb_col-id-gsbp-d560c25.gspb_row__col--4{display:flex;flex-direction:column;justify-content:center}@media (max-width:991.98px){body #gspb_col-id-gsbp-d560c25.gspb_row__col--4{align-items:center}}#gspb_heading-id-gsbp-2ffee04{font-size:50px}@media (max-width:991.98px){#gspb_heading-id-gsbp-2ffee04{font-size:35px}}@media (max-width:575.98px){#gspb_heading-id-gsbp-2ffee04{font-size:30px}}@media (max-width:991.98px){#gspb_heading-id-gsbp-2ffee04,#gspb_heading-id-gsbp-2ffee04 .gsap-g-line{text-align:center!important}}#gspb_heading-id-gsbp-2ffee04{font-weight:800!important}@media (max-width:991.98px){#gspb_heading-id-gsbp-2ffee04{font-weight:800!important}}@media (max-width:767.98px){#gspb_heading-id-gsbp-2ffee04{font-weight:800!important}}@media (max-width:575.98px){#gspb_heading-id-gsbp-2ffee04{font-weight:800!important}}#gspb_heading-id-gsbp-2ffee04{margin-top:0;margin-bottom:10px}@media (max-width:991.98px){.gspb_text-id-gsbp-e310166,.gspb_text-id-gsbp-e310166 .gsap-g-line{text-align:center!important}}.gspb_text-id-gsbp-e310166{margin-bottom:40px!important}#gspb_col-id-gsbp-2affbd5.gspb_row__col--8{width:calc(66.66666666666667% - 5px)}@media (max-width:991.98px){#gspb_col-id-gsbp-2affbd5.gspb_row__col--8{width:100%}}@media (max-width:767.98px){#gspb_col-id-gsbp-2affbd5.gspb_row__col--8{width:calc(100% - 5px)}}@media (max-width:575.98px){#gspb_col-id-gsbp-2affbd5.gspb_row__col--8{width:100%}}@media (min-width:992px){body.gspb-bodyfront #gspb_col-id-gsbp-2affbd5.gspb_row__col--8{width:calc(59.98% - 0px - 5px)}}.gspb_row #gspb_col-id-gsbp-2affbd5.gspb_row__col--8{padding:0}body #gspb_col-id-gsbp-2affbd5.gspb_row__col--8{display:flex;flex-direction:column;justify-content:flex-end}#gspb_image-id-gsbp-960d7e1 img{vertical-align:top;display:inline-block;box-sizing:border-box;max-width:100%;height:auto}#gspb_image-id-gsbp-960d7e1{padding-top:30px}.gspb_container-id-gsbp-b565ac4{flex-direction:column;box-sizing:border-box}#gspb_container-id-gsbp-b565ac4.gspb_container{position:relative;display:flex;flex-direction:column;align-items:center;margin-bottom:60px}@media (max-width:991.98px){#gspb_container-id-gsbp-b565ac4.gspb_container{margin-bottom:40px}}#gspb_container-id-gsbp-b565ac4.gspb_container{box-sizing:border-box}.gspb_text-id-gsbp-2c13756,.gspb_text-id-gsbp-2c13756 .gsap-g-line{text-align:center!important}.gspb_text-id-gsbp-2c13756{max-width:1100px}#gspb_row-id-gsbp-44398d9{justify-content:space-between;margin-top:0;display:flex;flex-wrap:wrap;margin-bottom:120px}#gspb_row-id-gsbp-44398d9>.gspb_row__content{display:flex;justify-content:space-between;margin:0 auto;width:100%;flex-wrap:wrap}.gspb_row{position:relative}@media (max-width:991.98px){#gspb_row-id-gsbp-44398d9>.gspb_row__content{row-gap:40px}}body.gspb-bodyfront #gspb_row-id-gsbp-44398d9>.gspb_row__content{width:var(--theme-container-width, 1200px);max-width:var(--theme-normal-container-max-width, 1200px)}@media (max-width:991.98px){#gspb_row-id-gsbp-44398d9{margin-bottom:80px}}@media (max-width:575.98px){#gspb_row-id-gsbp-44398d9{margin-bottom:60px}}#gspb_col-id-gsbp-6f07b8a.gspb_row__col--8{width:calc(66.66666666666667% - 50px)}@media (max-width:991.98px){#gspb_col-id-gsbp-6f07b8a.gspb_row__col--8{width:100%}}@media (max-width:767.98px){#gspb_col-id-gsbp-6f07b8a.gspb_row__col--8{width:calc(100% - 50px)}}@media (max-width:575.98px){#gspb_col-id-gsbp-6f07b8a.gspb_row__col--8{width:100%}}@media (min-width:992px){body.gspb-bodyfront #gspb_col-id-gsbp-6f07b8a.gspb_row__col--8{width:calc(55% - 0px - 50px)}}.gspb_row #gspb_col-id-gsbp-6f07b8a.gspb_row__col--8{padding:70px 0 0 70px}@media (max-width:575.98px){.gspb_row #gspb_col-id-gsbp-6f07b8a.gspb_row__col--8{padding-top:30px;padding-left:30px}}.gspb_container-id-gsbp-e202958{flex-direction:column;box-sizing:border-box}#gspb_container-id-gsbp-e202958.gspb_container{position:relative;background-color:var(--wp--preset--color--palette-color-9, var(--theme-palette-color-9, #FFE8DA))}body.gspb-bodyfront #gspb_container-id-gsbp-e202958.gspb_container{position:absolute;top:0;left:0;width:70%;height:70%}#gspb_container-id-gsbp-e202958.gspb_container,#gspb_container-id-gsbp-e202958.gspb_container>.gspb_backgroundOverlay,#gspb_image-id-gsbp-2120874 img{border-top-left-radius:40px;border-top-right-radius:40px;border-bottom-right-radius:40px;border-bottom-left-radius:40px}@media (max-width:991.98px){#gspb_container-id-gsbp-e202958.gspb_container{background-color:var(--wp--preset--color--palette-color-9, var(--theme-palette-color-9, #FFE8DA))}}@media (max-width:767.98px){#gspb_container-id-gsbp-e202958.gspb_container{background-color:var(--wp--preset--color--palette-color-9, var(--theme-palette-color-9, #FFE8DA))}}@media (max-width:575.98px){#gspb_container-id-gsbp-e202958.gspb_container{background-color:var(--wp--preset--color--palette-color-9, var(--theme-palette-color-9, #FFE8DA))}}#gspb_container-id-gsbp-e202958.gspb_container{box-sizing:border-box}#gspb_image-id-gsbp-2120874 img{vertical-align:top;display:inline-block;box-sizing:border-box;max-width:100%;height:auto}body.gspb-bodyfront #gspb_image-id-gsbp-2120874{position:relative;z-index:1}#gspb_col-id-gsbp-bff518b.gspb_row__col--4{width:calc(33.333333333333336% - 50px)}@media (max-width:991.98px){#gspb_col-id-gsbp-bff518b.gspb_row__col--4{width:100%}}@media (max-width:767.98px){#gspb_col-id-gsbp-bff518b.gspb_row__col--4{width:calc(100% - 50px)}}@media (max-width:575.98px){#gspb_col-id-gsbp-bff518b.gspb_row__col--4{width:100%}}@media (min-width:992px){body.gspb-bodyfront #gspb_col-id-gsbp-bff518b.gspb_row__col--4{width:calc(44.989999999999995% - 0px - 50px)}}.gspb_row #gspb_col-id-gsbp-bff518b.gspb_row__col--4{padding:0}body #gspb_col-id-gsbp-bff518b.gspb_row__col--4{display:flex;flex-direction:column;justify-content:center}.gspb_text-id-gsbp-b675ab3{text-transform:uppercase;font-size:14px}@media (max-width:991.98px){.gspb_text-id-gsbp-b675ab3,.gspb_text-id-gsbp-b675ab3 .gsap-g-line{text-align:center!important}}.gspb_text-id-gsbp-b675ab3{font-weight:600!important}@media (max-width:991.98px){.gspb_text-id-gsbp-b675ab3{font-weight:600!important}}@media (max-width:767.98px){.gspb_text-id-gsbp-b675ab3{font-weight:600!important}}@media (max-width:575.98px){.gspb_text-id-gsbp-b675ab3{font-weight:600!important}}.gspb_text-id-gsbp-b675ab3{color:var(--wp--preset--color--palette-color-2, var(--theme-palette-color-2, #24417C));margin-bottom:10px!important}@media (max-width:991.98px){#gspb_heading-id-gsbp-4cdc2ea{font-size:30px}}@media (max-width:575.98px){#gspb_heading-id-gsbp-4cdc2ea{font-size:25px}}@media (max-width:991.98px){#gspb_heading-id-gsbp-4cdc2ea,#gspb_heading-id-gsbp-4cdc2ea .gsap-g-line{text-align:center!important}}#gspb_heading-id-gsbp-4cdc2ea{margin-top:0;margin-bottom:10px}@media (max-width:991.98px){.gspb_text-id-gsbp-fb31242,.gspb_text-id-gsbp-fb31242 .gsap-g-line{text-align:center!important}}.gspb_text-id-gsbp-fb31242{margin-bottom:50px!important}","footnotes":""},"class_list":["post-69","page","type-page","status-publish","hentry"],"blocksy_meta":[],"_links":{"self":[{"href":"https:\/\/www.fundacionsocialmundofeliz.org\/en\/wp-json\/wp\/v2\/pages\/69","targetHints":{"allow":["GET"]}}],"collection":[{"href":"https:\/\/www.fundacionsocialmundofeliz.org\/en\/wp-json\/wp\/v2\/pages"}],"about":[{"href":"https:\/\/www.fundacionsocialmundofeliz.org\/en\/wp-json\/wp\/v2\/types\/page"}],"author":[{"embeddable":true,"href":"https:\/\/www.fundacionsocialmundofeliz.org\/en\/wp-json\/wp\/v2\/users\/1"}],"replies":[{"embeddable":true,"href":"https:\/\/www.fundacionsocialmundofeliz.org\/en\/wp-json\/wp\/v2\/comments?post=69"}],"version-history":[{"count":53,"href":"https:\/\/www.fundacionsocialmundofeliz.org\/en\/wp-json\/wp\/v2\/pages\/69\/revisions"}],"predecessor-version":[{"id":8584,"href":"https:\/\/www.fundacionsocialmundofeliz.org\/en\/wp-json\/wp\/v2\/pages\/69\/revisions\/8584"}],"wp:attachment":[{"href":"https:\/\/www.fundacionsocialmundofeliz.org\/en\/wp-json\/wp\/v2\/media?parent=69"}],"curies":[{"name":"wp","href":"https:\/\/api.w.org\/{rel}","templated":true}]}}