{"id":948,"date":"2021-12-03T03:54:00","date_gmt":"2021-12-03T03:54:00","guid":{"rendered":"https:\/\/www.fundacionsocialmundofeliz.org\/?page_id=948"},"modified":"2026-04-17T13:23:46","modified_gmt":"2026-04-17T18:23:46","slug":"fortalecimiento","status":"publish","type":"page","link":"https:\/\/www.fundacionsocialmundofeliz.org\/en\/fortalecimiento\/","title":{"rendered":"Strengthening"},"content":{"rendered":"<div class=\"wp-block-greenshift-blocks-row gspb_row gspb_row-id-gsbp-90dd5fd gspb_row--gutter-custom-0\" id=\"gspb_row-id-gsbp-90dd5fd\"><div class=\"gspb_row__content\"> \n<div class=\"wp-block-greenshift-blocks-row-column gspb_row__col--4 gspb_row__col--md-12 gspb_col-id-gsbp-d560c25\" id=\"gspb_col-id-gsbp-d560c25\">\n\n\n<h5 id=\"gspb_heading-id-gsbp-2ffee04\" class=\"gspb_heading gspb_heading-id-gsbp-2ffee04\">Fortalecimiento de capacidades y oportunidades<\/h5>\n\n\n\n<div id=\"gspb_text-id-gsbp-e310166\" class=\"gspb_text gspb_text-id-gsbp-e310166\">En la Fundaci\u00f3n Social Mundo Feliz entendemos el fortalecimiento como un proceso de acompa\u00f1amiento que impulsa a las personas a descubrir sus capacidades, desarrollar nuevas habilidades y acceder a oportunidades que transformen su realidad. Por eso, trabajamos en acciones orientadas a brindar herramientas pr\u00e1cticas, orientaci\u00f3n y apoyo a quienes desean mejorar sus condiciones de vida y avanzar hacia un futuro m\u00e1s estable.<\/div>\n<\/div>\n\n\n\n<div class=\"wp-block-greenshift-blocks-row-column gspb_row__col--8 gspb_row__col--md-12 gspb_col-id-gsbp-2affbd5\" id=\"gspb_col-id-gsbp-2affbd5\">\n<div class=\"wp-block-greenshift-blocks-image gspb_image gspb_image-id-gsbp-960d7e1\" id=\"gspb_image-id-gsbp-960d7e1\"><img decoding=\"async\" src=\"https:\/\/www.fundacionsocialmundofeliz.org\/wp-content\/uploads\/2026\/04\/Fortalecimiento-de-capacidades-scaled.png\" data-src=\"\" alt=\"\" loading=\"lazy\" width=\"2560\" height=\"1660\"><\/div>\n<\/div>\n <\/div><\/div>\n\n\n\n<div class=\"wp-block-greenshift-blocks-container gspb_container gspb_container-gsbp-b565ac4\" id=\"gspb_container-id-gsbp-b565ac4\">\n<h2 id=\"gspb_heading-id-gsbp-d1b4c76\" class=\"gspb_heading gspb_heading-id-gsbp-d1b4c76\">Fortalecemos capacidades<\/h2>\n\n\n\n<div id=\"gspb_text-id-gsbp-2c13756\" class=\"gspb_text gspb_text-id-gsbp-2c13756\">A trav\u00e9s de esta l\u00ednea promovemos espacios de formaci\u00f3n, crecimiento personal y proyecci\u00f3n, especialmente para poblaci\u00f3n en condici\u00f3n de vulnerabilidad, madres cabeza de familia, j\u00f3venes con ideas de emprendimiento y personas que requieren acompa\u00f1amiento para iniciar o fortalecer sus procesos productivos y sociales.<\/div>\n<\/div>\n\n\n\n<div class=\"wp-block-greenshift-blocks-row gspb_row gspb_row-id-gsbp-286d2e0 gspb_row--gutter-custom-0\" id=\"gspb_row-id-gsbp-286d2e0\"><div class=\"gspb_row__content\"> \n<div class=\"wp-block-greenshift-blocks-row-column gspb_row__col--4 gspb_row__col--md-12 gspb_col-id-gsbp-dd3f4ba\" id=\"gspb_col-id-gsbp-dd3f4ba\">\n<h2 id=\"gspb_heading-id-gsbp-d385c96\" class=\"gspb_heading gspb_heading-id-gsbp-d385c96\">Impulso para emprender y salir adelante<\/h2>\n\n\n\n<div id=\"gspb_text-id-gsbp-b19b08c\" class=\"gspb_text gspb_text-id-gsbp-b19b08c\">Nuestra apuesta por el fortalecimiento busca que cada persona pueda convertir sus talentos, conocimientos y esfuerzos en oportunidades reales de sostenibilidad. Mediante capacitaci\u00f3n, acompa\u00f1amiento y apoyo base, impulsamos iniciativas que favorecen el emprendimiento, la autonom\u00eda y la generaci\u00f3n de actividades productivas con impacto positivo en la vida de las familias y la comunidad.<br><br>M\u00e1s que brindar una ayuda moment\u00e1nea, buscamos sembrar bases s\u00f3lidas para que las personas puedan crecer, emprender y construir caminos de superaci\u00f3n. As\u00ed, el fortalecimiento se convierte en una herramienta para recuperar la confianza, abrir nuevas posibilidades y transformar vidas con dignidad y esperanza.<\/div>\n<\/div>\n\n\n\n<div class=\"wp-block-greenshift-blocks-row-column gspb_row__col--8 gspb_row__col--md-12 gspb_col-id-gsbp-7a71d50\" id=\"gspb_col-id-gsbp-7a71d50\">\n<div class=\"wp-block-greenshift-blocks-image gspb_image gspb_image-id-gsbp-5cfa2e9\" id=\"gspb_image-id-gsbp-5cfa2e9\"><img decoding=\"async\" src=\"https:\/\/www.fundacionsocialmundofeliz.org\/wp-content\/uploads\/2026\/04\/Impulso-para-emprender.png\" data-src=\"\" alt=\"\" loading=\"lazy\" width=\"1024\" height=\"1536\"><\/div>\n\n\n\n<div class=\"wp-block-greenshift-blocks-image gspb_image gspb_image-id-gsbp-32b3c7e\" id=\"gspb_image-id-gsbp-32b3c7e\"><img decoding=\"async\" src=\"https:\/\/www.fundacionsocialmundofeliz.org\/wp-content\/uploads\/2026\/04\/crecer-emprender.png\" data-src=\"\" alt=\"\" loading=\"lazy\" width=\"1024\" height=\"1536\"><\/div>\n<\/div>\n <\/div><\/div>\n\n\n\n<div class=\"wp-block-greenshift-blocks-container gspb_container gspb_container-gsbp-08edf4d\" id=\"gspb_container-id-gsbp-08edf4d\">\n<h4 id=\"gspb_heading-id-gsbp-0f939b1\" class=\"gspb_heading gspb_heading-id-gsbp-0f939b1\">A trav\u00e9s de formaci\u00f3n, acompa\u00f1amiento y apoyo al emprendimiento, impulsamos iniciativas sostenibles que contribuyen a la autonom\u00eda, la superaci\u00f3n y la transformaci\u00f3n social.<\/h4>\n<\/div>\n\n\n\n<div class=\"wp-block-greenshift-blocks-container alignfull gspb_container gspb_container-gsbp-318027b\" id=\"gspb_container-id-gsbp-318027b\"><\/div>","protected":false},"excerpt":{"rendered":"","protected":false},"author":1,"featured_media":0,"parent":0,"menu_order":0,"comment_status":"closed","ping_status":"closed","template":"","meta":{"_gspb_post_css":".gspb_container-id-gsbp-08edf4d,.gspb_container-id-gsbp-318027b{flex-direction:column;box-sizing:border-box}#gspb_container-id-gsbp-08edf4d.gspb_container>p:last-of-type,#gspb_container-id-gsbp-318027b.gspb_container>p:last-of-type,#gspb_container-id-gsbp-b565ac4.gspb_container>p:last-of-type{margin-bottom:0}#gspb_container-id-gsbp-08edf4d.gspb_container{position:relative;margin-bottom:-100px;padding:60px}body.gspb-bodyfront #gspb_container-id-gsbp-08edf4d.gspb_container{z-index:3}@media (max-width:991.98px){#gspb_container-id-gsbp-08edf4d.gspb_container{padding:50px}}@media (max-width:575.98px){#gspb_container-id-gsbp-08edf4d.gspb_container{padding:35px}}#gspb_container-id-gsbp-08edf4d.gspb_container,#gspb_container-id-gsbp-08edf4d.gspb_container>.gspb_backgroundOverlay{border-top-left-radius:40px;border-top-right-radius:40px;border-bottom-right-radius:40px;border-bottom-left-radius:40px}#gspb_container-id-gsbp-08edf4d.gspb_container{background-color:var(--wp--preset--color--palette-color-2, var(--theme-palette-color-2, #24417C))}@media (max-width:991.98px){#gspb_container-id-gsbp-08edf4d.gspb_container{background-color:var(--wp--preset--color--palette-color-2, var(--theme-palette-color-2, #24417C))}}@media (max-width:767.98px){#gspb_container-id-gsbp-08edf4d.gspb_container{background-color:var(--wp--preset--color--palette-color-2, var(--theme-palette-color-2, #24417C))}}@media (max-width:575.98px){#gspb_container-id-gsbp-08edf4d.gspb_container{background-color:var(--wp--preset--color--palette-color-2, var(--theme-palette-color-2, #24417C))}}#gspb_container-id-gsbp-08edf4d.gspb_container,div[id^=gspb_col-id]{box-sizing:border-box}#gspb_heading-id-gsbp-0f939b1{font-size:23px}@media (max-width:991.98px){#gspb_heading-id-gsbp-0f939b1{font-size:20px}}#gspb_heading-id-gsbp-0f939b1,#gspb_heading-id-gsbp-0f939b1 .gsap-g-line{text-align:center!important}#gspb_heading-id-gsbp-0f939b1{color:var(--wp--preset--color--palette-color-8, var(--theme-palette-color-8, #ffffff));margin-top:0;margin-bottom:0}#gspb_container-id-gsbp-318027b.gspb_container{position:relative;background-color:var(--wp--preset--color--palette-color-7, var(--theme-palette-color-7, #F7FAFD))}@media (max-width:991.98px){#gspb_container-id-gsbp-318027b.gspb_container{background-color:var(--wp--preset--color--palette-color-7, var(--theme-palette-color-7, #F7FAFD))}}@media (max-width:767.98px){#gspb_container-id-gsbp-318027b.gspb_container{background-color:var(--wp--preset--color--palette-color-7, var(--theme-palette-color-7, #F7FAFD))}}@media (max-width:575.98px){#gspb_container-id-gsbp-318027b.gspb_container{background-color:var(--wp--preset--color--palette-color-7, var(--theme-palette-color-7, #F7FAFD))}}#gspb_container-id-gsbp-318027b.gspb_container{box-sizing:border-box;height:100px}#gspb_row-id-gsbp-90dd5fd{justify-content:space-between;margin-top:0;display:flex;flex-wrap:wrap;margin-bottom:28px;padding:0 80px}#gspb_row-id-gsbp-90dd5fd>.gspb_row__content{display:flex;justify-content:space-between;margin:0 auto;width:100%;flex-wrap:wrap}div[id^=gspb_col-id]{position:relative;padding:var(--gs-row-column-padding, 15px min(3vw, 20px))}@media (max-width:991.98px){#gspb_row-id-gsbp-90dd5fd>.gspb_row__content{row-gap:30px}}body.gspb-bodyfront #gspb_row-id-gsbp-90dd5fd>.gspb_row__content{width:var(--theme-container-width, 1200px);max-width:var(--theme-normal-container-max-width, 1200px)}@media (max-width:991.98px){#gspb_row-id-gsbp-90dd5fd{margin-bottom:80px;padding-right:50px;padding-left:50px}}@media (max-width:575.98px){#gspb_row-id-gsbp-90dd5fd{margin-bottom:60px;padding-right:35px;padding-left:35px}}#gspb_row-id-gsbp-90dd5fd{background-color:var(--wp--preset--color--palette-color-7, var(--theme-palette-color-7, #F7FAFD))}@media (max-width:991.98px){#gspb_row-id-gsbp-90dd5fd{background-color:var(--wp--preset--color--palette-color-7, var(--theme-palette-color-7, #F7FAFD))}}@media (max-width:767.98px){#gspb_row-id-gsbp-90dd5fd{background-color:var(--wp--preset--color--palette-color-7, var(--theme-palette-color-7, #F7FAFD))}}@media (max-width:575.98px){#gspb_row-id-gsbp-90dd5fd{background-color:var(--wp--preset--color--palette-color-7, var(--theme-palette-color-7, #F7FAFD))}}#gspb_row-id-gsbp-90dd5fd,#gspb_row-id-gsbp-90dd5fd>.gspb_backgroundOverlay{border-top-left-radius:40px;border-top-right-radius:40px;border-bottom-right-radius:40px;border-bottom-left-radius:40px}#gspb_col-id-gsbp-d560c25.gspb_row__col--4{width:calc(33.333333333333336% - 5px)}@media (max-width:991.98px){#gspb_col-id-gsbp-d560c25.gspb_row__col--4{width:100%}}@media (max-width:767.98px){#gspb_col-id-gsbp-d560c25.gspb_row__col--4{width:calc(100% - 5px)}}@media (max-width:575.98px){#gspb_col-id-gsbp-d560c25.gspb_row__col--4{width:100%}}@media (min-width:992px){body.gspb-bodyfront #gspb_col-id-gsbp-d560c25.gspb_row__col--4{width:calc(40% - 0px - 5px)}}.gspb_row #gspb_col-id-gsbp-d560c25.gspb_row__col--4{padding:70px 0}@media (max-width:991.98px){.gspb_row #gspb_col-id-gsbp-d560c25.gspb_row__col--4{padding-top:50px;padding-bottom:0}}@media (max-width:575.98px){.gspb_row #gspb_col-id-gsbp-d560c25.gspb_row__col--4{padding-bottom:0}}body #gspb_col-id-gsbp-d560c25.gspb_row__col--4{display:flex;flex-direction:column;justify-content:center}@media (max-width:991.98px){body #gspb_col-id-gsbp-d560c25.gspb_row__col--4{align-items:center}}#gspb_heading-id-gsbp-2ffee04{font-size:30px}@media (max-width:991.98px){#gspb_heading-id-gsbp-2ffee04{font-size:35px}}@media (max-width:575.98px){#gspb_heading-id-gsbp-2ffee04{font-size:30px}}@media (max-width:991.98px){#gspb_heading-id-gsbp-2ffee04,#gspb_heading-id-gsbp-2ffee04 .gsap-g-line{text-align:center!important}}#gspb_heading-id-gsbp-2ffee04{font-weight:800!important}@media (max-width:991.98px){#gspb_heading-id-gsbp-2ffee04{font-weight:800!important}}@media (max-width:767.98px){#gspb_heading-id-gsbp-2ffee04{font-weight:800!important}}@media (max-width:575.98px){#gspb_heading-id-gsbp-2ffee04{font-weight:800!important}}#gspb_heading-id-gsbp-2ffee04{margin-top:0;margin-bottom:10px}@media (max-width:991.98px){.gspb_text-id-gsbp-e310166,.gspb_text-id-gsbp-e310166 .gsap-g-line{text-align:center!important}}.gspb_text-id-gsbp-e310166{margin-bottom:40px!important}#gspb_col-id-gsbp-2affbd5.gspb_row__col--8{width:calc(66.66666666666667% - 5px)}@media (max-width:991.98px){#gspb_col-id-gsbp-2affbd5.gspb_row__col--8{width:100%}}@media (max-width:767.98px){#gspb_col-id-gsbp-2affbd5.gspb_row__col--8{width:calc(100% - 5px)}}@media (max-width:575.98px){#gspb_col-id-gsbp-2affbd5.gspb_row__col--8{width:100%}}@media (min-width:992px){body.gspb-bodyfront #gspb_col-id-gsbp-2affbd5.gspb_row__col--8{width:calc(59.98% - 0px - 5px)}}.gspb_row #gspb_col-id-gsbp-2affbd5.gspb_row__col--8,.gspb_row #gspb_col-id-gsbp-7a71d50.gspb_row__col--8,.gspb_row #gspb_col-id-gsbp-dd3f4ba.gspb_row__col--4{padding:0}body #gspb_col-id-gsbp-2affbd5.gspb_row__col--8{display:flex;flex-direction:column;justify-content:flex-end}#gspb_image-id-gsbp-960d7e1 img{vertical-align:top;display:inline-block;box-sizing:border-box;max-width:100%;height:auto}#gspb_image-id-gsbp-960d7e1{padding-top:30px}.gspb_container-id-gsbp-b565ac4{flex-direction:column;box-sizing:border-box}#gspb_container-id-gsbp-b565ac4.gspb_container{position:relative;display:flex;flex-direction:column;align-items:center;margin-bottom:60px}@media (max-width:991.98px){#gspb_container-id-gsbp-b565ac4.gspb_container{margin-bottom:40px}}#gspb_container-id-gsbp-b565ac4.gspb_container{box-sizing:border-box}@media (max-width:991.98px){#gspb_heading-id-gsbp-d1b4c76{font-size:30px}}@media (max-width:575.98px){#gspb_heading-id-gsbp-d1b4c76{font-size:25px}}#gspb_heading-id-gsbp-d1b4c76,#gspb_heading-id-gsbp-d1b4c76 .gsap-g-line,.gspb_text-id-gsbp-2c13756,.gspb_text-id-gsbp-2c13756 .gsap-g-line{text-align:center!important}#gspb_heading-id-gsbp-d1b4c76{margin-top:0;margin-bottom:10px}.gspb_text-id-gsbp-2c13756{max-width:1100px}#gspb_row-id-gsbp-286d2e0{justify-content:space-between;margin-top:0;display:flex;flex-wrap:wrap;margin-bottom:60px}#gspb_row-id-gsbp-286d2e0>.gspb_row__content{display:flex;justify-content:space-between;margin:0 auto;width:100%;flex-wrap:wrap}.gspb_row{position:relative}@media (max-width:991.98px){#gspb_row-id-gsbp-286d2e0>.gspb_row__content{row-gap:50px}}body.gspb-bodyfront #gspb_row-id-gsbp-286d2e0>.gspb_row__content{width:var(--theme-container-width, 1200px);max-width:var(--theme-normal-container-max-width, 1200px)}@media (max-width:991.98px){#gspb_row-id-gsbp-286d2e0{margin-bottom:80px}}@media (max-width:575.98px){#gspb_row-id-gsbp-286d2e0{margin-bottom:60px}}#gspb_col-id-gsbp-dd3f4ba.gspb_row__col--4{width:calc(33.333333333333336% - 50px)}@media (max-width:991.98px){#gspb_col-id-gsbp-dd3f4ba.gspb_row__col--4{width:100%}}@media (max-width:767.98px){#gspb_col-id-gsbp-dd3f4ba.gspb_row__col--4{width:calc(100% - 50px)}}@media (max-width:575.98px){#gspb_col-id-gsbp-dd3f4ba.gspb_row__col--4{width:100%}}@media (min-width:992px){body.gspb-bodyfront #gspb_col-id-gsbp-dd3f4ba.gspb_row__col--4{width:calc(44.989999999999995% - 0px - 50px)}}body #gspb_col-id-gsbp-dd3f4ba.gspb_row__col--4{display:flex;flex-direction:column;justify-content:center}@media (max-width:991.98px){#gspb_heading-id-gsbp-d385c96{font-size:30px}}@media (max-width:575.98px){#gspb_heading-id-gsbp-d385c96{font-size:25px}}@media (max-width:991.98px){#gspb_heading-id-gsbp-d385c96,#gspb_heading-id-gsbp-d385c96 .gsap-g-line{text-align:center!important}}#gspb_heading-id-gsbp-d385c96{margin-top:0;margin-bottom:10px}@media (max-width:991.98px){.gspb_text-id-gsbp-b19b08c,.gspb_text-id-gsbp-b19b08c .gsap-g-line{text-align:center!important}}.gspb_text-id-gsbp-b19b08c{margin-bottom:50px!important}@media (max-width:991.98px){.gspb_text-id-gsbp-b19b08c{margin-bottom:40px!important}}#gspb_col-id-gsbp-7a71d50.gspb_row__col--8{width:calc(66.66666666666667% - 50px)}@media (max-width:991.98px){#gspb_col-id-gsbp-7a71d50.gspb_row__col--8{width:100%}}@media (max-width:767.98px){#gspb_col-id-gsbp-7a71d50.gspb_row__col--8{width:calc(100% - 50px)}}@media (max-width:575.98px){#gspb_col-id-gsbp-7a71d50.gspb_row__col--8{width:100%}}@media (min-width:992px){body.gspb-bodyfront #gspb_col-id-gsbp-7a71d50.gspb_row__col--8{width:calc(55% - 0px - 50px)}}body #gspb_col-id-gsbp-7a71d50.gspb_row__col--8{display:flex;column-gap:35px}@media (max-width:575.98px){body #gspb_col-id-gsbp-7a71d50.gspb_row__col--8{flex-direction:column;row-gap:35px}}#gspb_image-id-gsbp-5cfa2e9 img{object-position:57.99999999999999% 38%}#gspb_image-id-gsbp-32b3c7e img,#gspb_image-id-gsbp-5cfa2e9 img{vertical-align:top;display:inline-block;box-sizing:border-box;max-width:100%;height:auto;border-top-left-radius:40px;border-top-right-radius:40px;border-bottom-right-radius:40px;border-bottom-left-radius:40px}#gspb_image-id-gsbp-32b3c7e{margin-top:50px}@media (max-width:991.98px){#gspb_image-id-gsbp-32b3c7e{margin-top:0}}","footnotes":""},"class_list":["post-948","page","type-page","status-publish","hentry"],"blocksy_meta":[],"_links":{"self":[{"href":"https:\/\/www.fundacionsocialmundofeliz.org\/en\/wp-json\/wp\/v2\/pages\/948","targetHints":{"allow":["GET"]}}],"collection":[{"href":"https:\/\/www.fundacionsocialmundofeliz.org\/en\/wp-json\/wp\/v2\/pages"}],"about":[{"href":"https:\/\/www.fundacionsocialmundofeliz.org\/en\/wp-json\/wp\/v2\/types\/page"}],"author":[{"embeddable":true,"href":"https:\/\/www.fundacionsocialmundofeliz.org\/en\/wp-json\/wp\/v2\/users\/1"}],"replies":[{"embeddable":true,"href":"https:\/\/www.fundacionsocialmundofeliz.org\/en\/wp-json\/wp\/v2\/comments?post=948"}],"version-history":[{"count":9,"href":"https:\/\/www.fundacionsocialmundofeliz.org\/en\/wp-json\/wp\/v2\/pages\/948\/revisions"}],"predecessor-version":[{"id":8573,"href":"https:\/\/www.fundacionsocialmundofeliz.org\/en\/wp-json\/wp\/v2\/pages\/948\/revisions\/8573"}],"wp:attachment":[{"href":"https:\/\/www.fundacionsocialmundofeliz.org\/en\/wp-json\/wp\/v2\/media?parent=948"}],"curies":[{"name":"wp","href":"https:\/\/api.w.org\/{rel}","templated":true}]}}