{"id":950,"date":"2021-12-03T03:54:40","date_gmt":"2021-12-03T03:54:40","guid":{"rendered":"https:\/\/www.fundacionsocialmundofeliz.org\/?page_id=950"},"modified":"2026-04-17T15:36:57","modified_gmt":"2026-04-17T20:36:57","slug":"internacionalizacion","status":"publish","type":"page","link":"https:\/\/www.fundacionsocialmundofeliz.org\/en\/internacionalizacion\/","title":{"rendered":"Internationalization"},"content":{"rendered":"<div class=\"wp-block-greenshift-blocks-row gspb_row gspb_row-id-gsbp-90dd5fd gspb_row--gutter-custom-0\" id=\"gspb_row-id-gsbp-90dd5fd\"><div class=\"gspb_row__content\"> \n<div class=\"wp-block-greenshift-blocks-row-column gspb_row__col--4 gspb_row__col--md-12 gspb_col-id-gsbp-d560c25\" id=\"gspb_col-id-gsbp-d560c25\">\n\n\n<h4 id=\"gspb_heading-id-gsbp-2ffee04\" class=\"gspb_heading gspb_heading-id-gsbp-2ffee04\">Internacionalizaci\u00f3n para ampliar horizontes<\/h4>\n\n\n\n<div id=\"gspb_text-id-gsbp-e310166\" class=\"gspb_text gspb_text-id-gsbp-e310166\">En la Fundaci\u00f3n Social Mundo Feliz entendemos la internacionalizaci\u00f3n como una oportunidad para conectar iniciativas, proyectos y procesos con nuevas posibilidades de crecimiento, intercambio y proyecci\u00f3n. Esta l\u00ednea busca fortalecer la visi\u00f3n global de las personas, organizaciones y emprendimientos, promoviendo el desarrollo de capacidades que les permitan abrirse a nuevos contextos, alianzas y escenarios de oportunidad.<\/div>\n<\/div>\n\n\n\n<div class=\"wp-block-greenshift-blocks-row-column gspb_row__col--8 gspb_row__col--md-12 gspb_col-id-gsbp-2affbd5\" id=\"gspb_col-id-gsbp-2affbd5\">\n<div class=\"wp-block-greenshift-blocks-image gspb_image gspb_image-id-gsbp-960d7e1\" id=\"gspb_image-id-gsbp-960d7e1\"><img decoding=\"async\" src=\"https:\/\/www.fundacionsocialmundofeliz.org\/wp-content\/uploads\/2026\/04\/Internacionalizacion-1-scaled.png\" data-src=\"\" alt=\"\" loading=\"lazy\" width=\"2560\" height=\"1821\"><\/div>\n<\/div>\n <\/div><\/div>\n\n\n\n<div class=\"wp-block-greenshift-blocks-container gspb_container gspb_container-gsbp-b565ac4\" id=\"gspb_container-id-gsbp-b565ac4\">\n<div id=\"gspb_text-id-gsbp-2c13756\" class=\"gspb_text gspb_text-id-gsbp-2c13756\">A trav\u00e9s de la internacionalizaci\u00f3n impulsamos una mirada m\u00e1s amplia del desarrollo, donde el aprendizaje, la cooperaci\u00f3n y la articulaci\u00f3n con otros entornos se convierten en herramientas para generar mayor impacto. Creemos que abrirse al mundo tambi\u00e9n significa fortalecer lo local, darle mayor valor a lo que se hace y proyectarlo con una visi\u00f3n m\u00e1s estrat\u00e9gica y sostenible.<br><\/div>\n<\/div>\n\n\n\n<div class=\"wp-block-greenshift-blocks-row gspb_row gspb_row-id-gsbp-44398d9 gspb_row--gutter-custom-0\" id=\"gspb_row-id-gsbp-44398d9\"><div class=\"gspb_row__content\"> \n<div class=\"wp-block-greenshift-blocks-row-column gspb_row__col--8 gspb_row__col--md-12 gspb_col-id-gsbp-6f07b8a\" id=\"gspb_col-id-gsbp-6f07b8a\">\n<div class=\"wp-block-greenshift-blocks-container gspb_container gspb_container-gsbp-e202958\" id=\"gspb_container-id-gsbp-e202958\"><\/div>\n\n\n\n<div class=\"wp-block-greenshift-blocks-image gspb_image gspb_image-id-gsbp-2120874\" id=\"gspb_image-id-gsbp-2120874\"><img decoding=\"async\" src=\"https:\/\/www.fundacionsocialmundofeliz.org\/wp-content\/uploads\/2026\/04\/Internacionalizacion-scaled.png\" data-src=\"\" alt=\"\" loading=\"lazy\" width=\"2560\" height=\"1707\"><\/div>\n<\/div>\n\n\n\n<div class=\"wp-block-greenshift-blocks-row-column gspb_row__col--4 gspb_row__col--md-12 gspb_col-id-gsbp-bff518b\" id=\"gspb_col-id-gsbp-bff518b\">\n<h2 id=\"gspb_heading-id-gsbp-4cdc2ea\" class=\"gspb_heading gspb_heading-id-gsbp-4cdc2ea\">Conexi\u00f3n y proyecci\u00f3n <\/h2>\n\n\n\n<div id=\"gspb_text-id-gsbp-fb31242\" class=\"gspb_text gspb_text-id-gsbp-fb31242\">La secci\u00f3n de Internacionalizaci\u00f3n est\u00e1 orientada a acompa\u00f1ar procesos que favorezcan la proyecci\u00f3n de iniciativas hacia escenarios m\u00e1s amplios, fortaleciendo competencias, redes de colaboraci\u00f3n y oportunidades de intercambio. Nuestro prop\u00f3sito es generar espacios donde las ideas, emprendimientos y proyectos puedan crecer con una visi\u00f3n de futuro, integrando nuevas perspectivas, conocimientos y posibilidades de desarrollo.<\/div>\n<\/div>\n <\/div><\/div>\n\n\n\n<div class=\"wp-block-greenshift-blocks-row gspb_row gspb_row-id-gsbp-286d2e0 gspb_row--gutter-custom-0\" id=\"gspb_row-id-gsbp-286d2e0\"><div class=\"gspb_row__content\"> \n<div class=\"wp-block-greenshift-blocks-row-column gspb_row__col--4 gspb_row__col--md-12 gspb_col-id-gsbp-dd3f4ba\" id=\"gspb_col-id-gsbp-dd3f4ba\">\n<h2 id=\"gspb_heading-id-gsbp-d385c96\" class=\"gspb_heading gspb_heading-id-gsbp-d385c96\">Nuevas oportunidades<\/h2>\n\n\n\n<div id=\"gspb_text-id-gsbp-b19b08c\" class=\"gspb_text gspb_text-id-gsbp-b19b08c\">Con esta l\u00ednea buscamos que m\u00e1s personas y organizaciones puedan prepararse para participar en entornos cada vez m\u00e1s din\u00e1micos, conectados y competitivos. As\u00ed, la internacionalizaci\u00f3n se convierte en un camino para ampliar oportunidades, construir alianzas y avanzar hacia un crecimiento con mayor alcance e impacto.<br><\/div>\n<\/div>\n\n\n\n<div class=\"wp-block-greenshift-blocks-row-column gspb_row__col--8 gspb_row__col--md-12 gspb_col-id-gsbp-7a71d50\" id=\"gspb_col-id-gsbp-7a71d50\">\n<div class=\"wp-block-greenshift-blocks-image gspb_image gspb_image-id-gsbp-5cfa2e9\" id=\"gspb_image-id-gsbp-5cfa2e9\"><img decoding=\"async\" src=\"https:\/\/www.fundacionsocialmundofeliz.org\/wp-content\/uploads\/2026\/04\/oportunidades.png\" data-src=\"\" alt=\"\" loading=\"lazy\" width=\"1650\" height=\"2475\"><\/div>\n\n\n\n<div class=\"wp-block-greenshift-blocks-image gspb_image gspb_image-id-gsbp-32b3c7e\" id=\"gspb_image-id-gsbp-32b3c7e\"><img decoding=\"async\" src=\"https:\/\/www.fundacionsocialmundofeliz.org\/wp-content\/uploads\/2026\/04\/oportunidadees.png\" data-src=\"\" alt=\"\" loading=\"lazy\" width=\"1650\" height=\"2475\"><\/div>\n<\/div>\n <\/div><\/div>\n\n\n\n<div class=\"wp-block-greenshift-blocks-container gspb_container gspb_container-gsbp-08edf4d\" id=\"gspb_container-id-gsbp-08edf4d\">\n<h4 id=\"gspb_heading-id-gsbp-0f939b1\" class=\"gspb_heading gspb_heading-id-gsbp-0f939b1\">Internacionalizar es abrir puertas al aprendizaje, la colaboraci\u00f3n y nuevas oportunidades para crecer con visi\u00f3n global.<\/h4>\n<\/div>\n\n\n\n<div class=\"wp-block-greenshift-blocks-container alignfull gspb_container gspb_container-gsbp-318027b\" id=\"gspb_container-id-gsbp-318027b\"><\/div>","protected":false},"excerpt":{"rendered":"","protected":false},"author":1,"featured_media":0,"parent":0,"menu_order":0,"comment_status":"closed","ping_status":"closed","template":"","meta":{"_gspb_post_css":".gspb_container-id-gsbp-08edf4d,.gspb_container-id-gsbp-318027b{flex-direction:column;box-sizing:border-box}#gspb_container-id-gsbp-08edf4d.gspb_container>p:last-of-type,#gspb_container-id-gsbp-318027b.gspb_container>p:last-of-type,#gspb_container-id-gsbp-b565ac4.gspb_container>p:last-of-type,#gspb_container-id-gsbp-e202958.gspb_container>p:last-of-type{margin-bottom:0}#gspb_container-id-gsbp-08edf4d.gspb_container{position:relative;margin-bottom:-100px;padding:60px}body.gspb-bodyfront #gspb_container-id-gsbp-08edf4d.gspb_container{z-index:3}@media (max-width:991.98px){#gspb_container-id-gsbp-08edf4d.gspb_container{padding:50px}}@media (max-width:575.98px){#gspb_container-id-gsbp-08edf4d.gspb_container{padding:35px}}#gspb_container-id-gsbp-08edf4d.gspb_container,#gspb_container-id-gsbp-08edf4d.gspb_container>.gspb_backgroundOverlay{border-top-left-radius:40px;border-top-right-radius:40px;border-bottom-right-radius:40px;border-bottom-left-radius:40px}#gspb_container-id-gsbp-08edf4d.gspb_container{background-color:var(--wp--preset--color--palette-color-2, var(--theme-palette-color-2, #24417C))}@media (max-width:991.98px){#gspb_container-id-gsbp-08edf4d.gspb_container{background-color:var(--wp--preset--color--palette-color-2, var(--theme-palette-color-2, #24417C))}}@media (max-width:767.98px){#gspb_container-id-gsbp-08edf4d.gspb_container{background-color:var(--wp--preset--color--palette-color-2, var(--theme-palette-color-2, #24417C))}}@media (max-width:575.98px){#gspb_container-id-gsbp-08edf4d.gspb_container{background-color:var(--wp--preset--color--palette-color-2, var(--theme-palette-color-2, #24417C))}}#gspb_container-id-gsbp-08edf4d.gspb_container,div[id^=gspb_col-id]{box-sizing:border-box}#gspb_heading-id-gsbp-0f939b1{font-size:23px}@media (max-width:991.98px){#gspb_heading-id-gsbp-0f939b1{font-size:20px}}#gspb_heading-id-gsbp-0f939b1,#gspb_heading-id-gsbp-0f939b1 .gsap-g-line{text-align:center!important}#gspb_heading-id-gsbp-0f939b1{color:var(--wp--preset--color--palette-color-8, var(--theme-palette-color-8, #ffffff));margin-top:0;margin-bottom:0}#gspb_container-id-gsbp-318027b.gspb_container{position:relative;background-color:var(--wp--preset--color--palette-color-7, var(--theme-palette-color-7, #F7FAFD))}@media (max-width:991.98px){#gspb_container-id-gsbp-318027b.gspb_container{background-color:var(--wp--preset--color--palette-color-7, var(--theme-palette-color-7, #F7FAFD))}}@media (max-width:767.98px){#gspb_container-id-gsbp-318027b.gspb_container{background-color:var(--wp--preset--color--palette-color-7, var(--theme-palette-color-7, #F7FAFD))}}@media (max-width:575.98px){#gspb_container-id-gsbp-318027b.gspb_container{background-color:var(--wp--preset--color--palette-color-7, var(--theme-palette-color-7, #F7FAFD))}}#gspb_container-id-gsbp-318027b.gspb_container{box-sizing:border-box;height:100px}#gspb_row-id-gsbp-90dd5fd{justify-content:space-between;margin-top:0;display:flex;flex-wrap:wrap;margin-bottom:42px;padding:0 80px}#gspb_row-id-gsbp-90dd5fd>.gspb_row__content{display:flex;justify-content:space-between;margin:0 auto;width:100%;flex-wrap:wrap}div[id^=gspb_col-id]{position:relative;padding:var(--gs-row-column-padding, 15px min(3vw, 20px))}@media (max-width:991.98px){#gspb_row-id-gsbp-90dd5fd>.gspb_row__content{row-gap:30px}}body.gspb-bodyfront #gspb_row-id-gsbp-90dd5fd>.gspb_row__content{width:var(--theme-container-width, 1200px);max-width:var(--theme-normal-container-max-width, 1200px)}@media (max-width:991.98px){#gspb_row-id-gsbp-90dd5fd{margin-bottom:80px;padding-right:50px;padding-left:50px}}@media (max-width:575.98px){#gspb_row-id-gsbp-90dd5fd{margin-bottom:60px;padding-right:35px;padding-left:35px}}#gspb_row-id-gsbp-90dd5fd{background-color:var(--wp--preset--color--palette-color-7, var(--theme-palette-color-7, #F7FAFD))}@media (max-width:991.98px){#gspb_row-id-gsbp-90dd5fd{background-color:var(--wp--preset--color--palette-color-7, var(--theme-palette-color-7, #F7FAFD))}}@media (max-width:767.98px){#gspb_row-id-gsbp-90dd5fd{background-color:var(--wp--preset--color--palette-color-7, var(--theme-palette-color-7, #F7FAFD))}}@media (max-width:575.98px){#gspb_row-id-gsbp-90dd5fd{background-color:var(--wp--preset--color--palette-color-7, var(--theme-palette-color-7, #F7FAFD))}}#gspb_row-id-gsbp-90dd5fd,#gspb_row-id-gsbp-90dd5fd>.gspb_backgroundOverlay{border-top-left-radius:40px;border-top-right-radius:40px;border-bottom-right-radius:40px;border-bottom-left-radius:40px}#gspb_col-id-gsbp-d560c25.gspb_row__col--4{width:calc(33.333333333333336% - 5px)}@media (max-width:991.98px){#gspb_col-id-gsbp-d560c25.gspb_row__col--4{width:100%}}@media (max-width:767.98px){#gspb_col-id-gsbp-d560c25.gspb_row__col--4{width:calc(100% - 5px)}}@media (max-width:575.98px){#gspb_col-id-gsbp-d560c25.gspb_row__col--4{width:100%}}@media (min-width:992px){body.gspb-bodyfront #gspb_col-id-gsbp-d560c25.gspb_row__col--4{width:calc(40% - 0px - 5px)}}.gspb_row #gspb_col-id-gsbp-d560c25.gspb_row__col--4{padding:70px 0}@media (max-width:991.98px){.gspb_row #gspb_col-id-gsbp-d560c25.gspb_row__col--4{padding-top:50px;padding-bottom:0}}@media (max-width:575.98px){.gspb_row #gspb_col-id-gsbp-d560c25.gspb_row__col--4{padding-bottom:0}}body #gspb_col-id-gsbp-d560c25.gspb_row__col--4{display:flex;flex-direction:column;justify-content:center}@media (max-width:991.98px){body #gspb_col-id-gsbp-d560c25.gspb_row__col--4{align-items:center}}#gspb_heading-id-gsbp-2ffee04{font-size:30px}@media (max-width:991.98px){#gspb_heading-id-gsbp-2ffee04{font-size:35px}}@media (max-width:575.98px){#gspb_heading-id-gsbp-2ffee04{font-size:30px}}@media (max-width:991.98px){#gspb_heading-id-gsbp-2ffee04,#gspb_heading-id-gsbp-2ffee04 .gsap-g-line{text-align:center!important}}#gspb_heading-id-gsbp-2ffee04{font-weight:800!important}@media (max-width:991.98px){#gspb_heading-id-gsbp-2ffee04{font-weight:800!important}}@media (max-width:767.98px){#gspb_heading-id-gsbp-2ffee04{font-weight:800!important}}@media (max-width:575.98px){#gspb_heading-id-gsbp-2ffee04{font-weight:800!important}}#gspb_heading-id-gsbp-2ffee04{margin-top:0;margin-bottom:10px}@media (max-width:991.98px){.gspb_text-id-gsbp-e310166,.gspb_text-id-gsbp-e310166 .gsap-g-line{text-align:center!important}}.gspb_text-id-gsbp-e310166{margin-bottom:40px!important}#gspb_col-id-gsbp-2affbd5.gspb_row__col--8{width:calc(66.66666666666667% - 5px)}@media (max-width:991.98px){#gspb_col-id-gsbp-2affbd5.gspb_row__col--8{width:100%}}@media (max-width:767.98px){#gspb_col-id-gsbp-2affbd5.gspb_row__col--8{width:calc(100% - 5px)}}@media (max-width:575.98px){#gspb_col-id-gsbp-2affbd5.gspb_row__col--8{width:100%}}@media (min-width:992px){body.gspb-bodyfront #gspb_col-id-gsbp-2affbd5.gspb_row__col--8{width:calc(59.98% - 0px - 5px)}}.gspb_row #gspb_col-id-gsbp-2affbd5.gspb_row__col--8{padding:0}body #gspb_col-id-gsbp-2affbd5.gspb_row__col--8{display:flex;flex-direction:column;justify-content:flex-end}#gspb_image-id-gsbp-960d7e1 img{vertical-align:top;display:inline-block;box-sizing:border-box;max-width:100%;height:auto}#gspb_image-id-gsbp-960d7e1{padding-top:30px}.gspb_container-id-gsbp-b565ac4{flex-direction:column;box-sizing:border-box}#gspb_container-id-gsbp-b565ac4.gspb_container{position:relative;display:flex;flex-direction:column;align-items:center;margin-bottom:60px}@media (max-width:991.98px){#gspb_container-id-gsbp-b565ac4.gspb_container{margin-bottom:40px}}#gspb_container-id-gsbp-b565ac4.gspb_container{box-sizing:border-box}.gspb_text-id-gsbp-2c13756,.gspb_text-id-gsbp-2c13756 .gsap-g-line{text-align:center!important}.gspb_text-id-gsbp-2c13756{max-width:1100px}#gspb_row-id-gsbp-44398d9{justify-content:space-between;margin-top:0;display:flex;flex-wrap:wrap;margin-bottom:120px}#gspb_row-id-gsbp-44398d9>.gspb_row__content{display:flex;justify-content:space-between;margin:0 auto;width:100%;flex-wrap:wrap}@media (max-width:991.98px){#gspb_row-id-gsbp-44398d9>.gspb_row__content{row-gap:40px}}body.gspb-bodyfront #gspb_row-id-gsbp-44398d9>.gspb_row__content{width:var(--theme-container-width, 1200px);max-width:var(--theme-normal-container-max-width, 1200px)}@media (max-width:991.98px){#gspb_row-id-gsbp-44398d9{margin-bottom:80px}}@media (max-width:575.98px){#gspb_row-id-gsbp-44398d9{margin-bottom:60px}}#gspb_col-id-gsbp-6f07b8a.gspb_row__col--8{width:calc(66.66666666666667% - 50px)}@media (max-width:991.98px){#gspb_col-id-gsbp-6f07b8a.gspb_row__col--8{width:100%}}@media (max-width:767.98px){#gspb_col-id-gsbp-6f07b8a.gspb_row__col--8{width:calc(100% - 50px)}}@media (max-width:575.98px){#gspb_col-id-gsbp-6f07b8a.gspb_row__col--8{width:100%}}@media (min-width:992px){body.gspb-bodyfront #gspb_col-id-gsbp-6f07b8a.gspb_row__col--8{width:calc(55% - 0px - 50px)}}.gspb_row #gspb_col-id-gsbp-6f07b8a.gspb_row__col--8{padding:70px 0 0 70px}@media (max-width:575.98px){.gspb_row #gspb_col-id-gsbp-6f07b8a.gspb_row__col--8{padding-top:30px;padding-left:30px}}.gspb_container-id-gsbp-e202958{flex-direction:column;box-sizing:border-box}#gspb_container-id-gsbp-e202958.gspb_container{position:relative;background-color:var(--wp--preset--color--palette-color-9, var(--theme-palette-color-9, #FFE8DA))}body.gspb-bodyfront #gspb_container-id-gsbp-e202958.gspb_container{position:absolute;top:0;left:0;width:70%;height:70%}#gspb_container-id-gsbp-e202958.gspb_container,#gspb_container-id-gsbp-e202958.gspb_container>.gspb_backgroundOverlay{border-top-left-radius:40px;border-top-right-radius:40px;border-bottom-right-radius:40px;border-bottom-left-radius:40px}@media (max-width:991.98px){#gspb_container-id-gsbp-e202958.gspb_container{background-color:var(--wp--preset--color--palette-color-9, var(--theme-palette-color-9, #FFE8DA))}}@media (max-width:767.98px){#gspb_container-id-gsbp-e202958.gspb_container{background-color:var(--wp--preset--color--palette-color-9, var(--theme-palette-color-9, #FFE8DA))}}@media (max-width:575.98px){#gspb_container-id-gsbp-e202958.gspb_container{background-color:var(--wp--preset--color--palette-color-9, var(--theme-palette-color-9, #FFE8DA))}}#gspb_container-id-gsbp-e202958.gspb_container{box-sizing:border-box}#gspb_image-id-gsbp-2120874 img{box-shadow:0 15px 25px 0 rgba(0,0,0,.1)}body.gspb-bodyfront #gspb_image-id-gsbp-2120874{position:relative;z-index:1}#gspb_col-id-gsbp-bff518b.gspb_row__col--4{width:calc(33.333333333333336% - 50px)}@media (max-width:991.98px){#gspb_col-id-gsbp-bff518b.gspb_row__col--4{width:100%}}@media (max-width:767.98px){#gspb_col-id-gsbp-bff518b.gspb_row__col--4{width:calc(100% - 50px)}}@media (max-width:575.98px){#gspb_col-id-gsbp-bff518b.gspb_row__col--4{width:100%}}@media (min-width:992px){body.gspb-bodyfront #gspb_col-id-gsbp-bff518b.gspb_row__col--4{width:calc(44.989999999999995% - 0px - 50px)}}.gspb_row #gspb_col-id-gsbp-7a71d50.gspb_row__col--8,.gspb_row #gspb_col-id-gsbp-bff518b.gspb_row__col--4,.gspb_row #gspb_col-id-gsbp-dd3f4ba.gspb_row__col--4{padding:0}body #gspb_col-id-gsbp-bff518b.gspb_row__col--4,body #gspb_col-id-gsbp-dd3f4ba.gspb_row__col--4{display:flex;flex-direction:column;justify-content:center}@media (max-width:991.98px){#gspb_heading-id-gsbp-4cdc2ea{font-size:30px}}@media (max-width:575.98px){#gspb_heading-id-gsbp-4cdc2ea{font-size:25px}}@media (max-width:991.98px){#gspb_heading-id-gsbp-4cdc2ea,#gspb_heading-id-gsbp-4cdc2ea .gsap-g-line{text-align:center!important}}#gspb_heading-id-gsbp-4cdc2ea{margin-top:0;margin-bottom:10px}@media (max-width:991.98px){.gspb_text-id-gsbp-fb31242,.gspb_text-id-gsbp-fb31242 .gsap-g-line{text-align:center!important}}.gspb_text-id-gsbp-fb31242{margin-bottom:50px!important}#gspb_row-id-gsbp-286d2e0{justify-content:space-between;margin-top:0;display:flex;flex-wrap:wrap;margin-bottom:120px}#gspb_row-id-gsbp-286d2e0>.gspb_row__content{display:flex;justify-content:space-between;margin:0 auto;width:100%;flex-wrap:wrap}.gspb_row{position:relative}@media (max-width:991.98px){#gspb_row-id-gsbp-286d2e0>.gspb_row__content{row-gap:50px}}body.gspb-bodyfront #gspb_row-id-gsbp-286d2e0>.gspb_row__content{width:var(--theme-container-width, 1200px);max-width:var(--theme-normal-container-max-width, 1200px)}@media (max-width:991.98px){#gspb_row-id-gsbp-286d2e0{margin-bottom:80px}}@media (max-width:575.98px){#gspb_row-id-gsbp-286d2e0{margin-bottom:60px}}#gspb_col-id-gsbp-dd3f4ba.gspb_row__col--4{width:calc(33.333333333333336% - 50px)}@media (max-width:991.98px){#gspb_col-id-gsbp-dd3f4ba.gspb_row__col--4{width:100%}}@media (max-width:767.98px){#gspb_col-id-gsbp-dd3f4ba.gspb_row__col--4{width:calc(100% - 50px)}}@media (max-width:575.98px){#gspb_col-id-gsbp-dd3f4ba.gspb_row__col--4{width:100%}}@media (min-width:992px){body.gspb-bodyfront #gspb_col-id-gsbp-dd3f4ba.gspb_row__col--4{width:calc(44.989999999999995% - 0px - 50px)}}@media (max-width:991.98px){#gspb_heading-id-gsbp-d385c96{font-size:30px}}@media (max-width:575.98px){#gspb_heading-id-gsbp-d385c96{font-size:25px}}@media (max-width:991.98px){#gspb_heading-id-gsbp-d385c96,#gspb_heading-id-gsbp-d385c96 .gsap-g-line{text-align:center!important}}#gspb_heading-id-gsbp-d385c96{margin-top:0;margin-bottom:10px}@media (max-width:991.98px){.gspb_text-id-gsbp-b19b08c,.gspb_text-id-gsbp-b19b08c .gsap-g-line{text-align:center!important}}.gspb_text-id-gsbp-b19b08c{margin-bottom:50px!important}@media (max-width:991.98px){.gspb_text-id-gsbp-b19b08c{margin-bottom:40px!important}}#gspb_col-id-gsbp-7a71d50.gspb_row__col--8{width:calc(66.66666666666667% - 50px)}@media (max-width:991.98px){#gspb_col-id-gsbp-7a71d50.gspb_row__col--8{width:100%}}@media (max-width:767.98px){#gspb_col-id-gsbp-7a71d50.gspb_row__col--8{width:calc(100% - 50px)}}@media (max-width:575.98px){#gspb_col-id-gsbp-7a71d50.gspb_row__col--8{width:100%}}@media (min-width:992px){body.gspb-bodyfront #gspb_col-id-gsbp-7a71d50.gspb_row__col--8{width:calc(55% - 0px - 50px)}}body #gspb_col-id-gsbp-7a71d50.gspb_row__col--8{display:flex;column-gap:35px}@media (max-width:575.98px){body #gspb_col-id-gsbp-7a71d50.gspb_row__col--8{flex-direction:column;row-gap:35px}}#gspb_image-id-gsbp-2120874 img,#gspb_image-id-gsbp-32b3c7e img,#gspb_image-id-gsbp-5cfa2e9 img{vertical-align:top;display:inline-block;box-sizing:border-box;max-width:100%;height:auto;border-top-left-radius:40px;border-top-right-radius:40px;border-bottom-right-radius:40px;border-bottom-left-radius:40px}#gspb_image-id-gsbp-32b3c7e{margin-top:50px}@media (max-width:991.98px){#gspb_image-id-gsbp-32b3c7e{margin-top:0}}","footnotes":""},"class_list":["post-950","page","type-page","status-publish","hentry"],"blocksy_meta":[],"_links":{"self":[{"href":"https:\/\/www.fundacionsocialmundofeliz.org\/en\/wp-json\/wp\/v2\/pages\/950","targetHints":{"allow":["GET"]}}],"collection":[{"href":"https:\/\/www.fundacionsocialmundofeliz.org\/en\/wp-json\/wp\/v2\/pages"}],"about":[{"href":"https:\/\/www.fundacionsocialmundofeliz.org\/en\/wp-json\/wp\/v2\/types\/page"}],"author":[{"embeddable":true,"href":"https:\/\/www.fundacionsocialmundofeliz.org\/en\/wp-json\/wp\/v2\/users\/1"}],"replies":[{"embeddable":true,"href":"https:\/\/www.fundacionsocialmundofeliz.org\/en\/wp-json\/wp\/v2\/comments?post=950"}],"version-history":[{"count":10,"href":"https:\/\/www.fundacionsocialmundofeliz.org\/en\/wp-json\/wp\/v2\/pages\/950\/revisions"}],"predecessor-version":[{"id":8615,"href":"https:\/\/www.fundacionsocialmundofeliz.org\/en\/wp-json\/wp\/v2\/pages\/950\/revisions\/8615"}],"wp:attachment":[{"href":"https:\/\/www.fundacionsocialmundofeliz.org\/en\/wp-json\/wp\/v2\/media?parent=950"}],"curies":[{"name":"wp","href":"https:\/\/api.w.org\/{rel}","templated":true}]}}